{"id":3544,"date":"2020-07-15T18:05:21","date_gmt":"2020-07-15T18:05:21","guid":{"rendered":"https:\/\/www.zracakoblacak.com\/?post_type=product&#038;p=3544"},"modified":"2023-06-05T07:41:34","modified_gmt":"2023-06-05T07:41:34","slug":"time-is-precious","status":"publish","type":"product","link":"https:\/\/www.zracakoblacak.com\/sl\/shop\/bocice\/prijateljstvo\/time-is-precious\/","title":{"rendered":"Time is precious"},"content":{"rendered":"<h2>Poruka u boci \u2013 &#8222;Time is precious. Waste it wisely.&#8220;<\/h2>\n<h3>Material: steklo<\/h3>\n<h3>Dimenzije: 30 x 70 mm<\/h3>\n<h4>Najdite veselje v majhnih stvareh. V\u010dasih trenutki postanejo najlep\u0161i spomini in vzbudijo najlep\u0161e ob\u010dutke. Ustvarite \u010dim ve\u010d takih trenutkov, \u017eivite zanje in spo\u0161tujte \u010das, ki je pred vami.<\/h4>","protected":false},"excerpt":{"rendered":"<h3>Razveselite va\u0161e najdra\u017eje na originalni na\u010din \u2013 s sporo\u010dilom v stekleni\u010dki!<\/h3>\n<h1>&#8222;Time is precious. Waste it wisely.&#8220;<\/h1>\n<h3>Najdite veselje v majhnih stvareh. V\u010dasih trenutki postanejo najlep\u0161i spomini in vzbudijo najlep\u0161e ob\u010dutke. Ustvarite \u010dim ve\u010d takih trenutkov, \u017eivite zanje in spo\u0161tujte \u010das, ki je pred vami.<\/h3>","protected":false},"featured_media":3746,"comment_status":"open","ping_status":"closed","template":"","meta":{"ngg_post_thumbnail":0},"product_brand":[],"product_cat":[105,89,91,90,95],"product_tag":[],"class_list":{"0":"post-3544","1":"product","2":"type-product","3":"status-publish","4":"has-post-thumbnail","6":"product_cat-bocice","7":"product_cat-prijateljstvo","8":"product_cat-cestitke","9":"product_cat-zabava","10":"product_cat-motivacija","12":"first","13":"instock","14":"shipping-taxable","15":"purchasable","16":"product-type-simple"},"jetpack_sharing_enabled":true,"_links":{"self":[{"href":"https:\/\/www.zracakoblacak.com\/sl\/wp-json\/wp\/v2\/product\/3544","targetHints":{"allow":["GET"]}}],"collection":[{"href":"https:\/\/www.zracakoblacak.com\/sl\/wp-json\/wp\/v2\/product"}],"about":[{"href":"https:\/\/www.zracakoblacak.com\/sl\/wp-json\/wp\/v2\/types\/product"}],"replies":[{"embeddable":true,"href":"https:\/\/www.zracakoblacak.com\/sl\/wp-json\/wp\/v2\/comments?post=3544"}],"wp:featuredmedia":[{"embeddable":true,"href":"https:\/\/www.zracakoblacak.com\/sl\/wp-json\/wp\/v2\/media\/3746"}],"wp:attachment":[{"href":"https:\/\/www.zracakoblacak.com\/sl\/wp-json\/wp\/v2\/media?parent=3544"}],"wp:term":[{"taxonomy":"product_brand","embeddable":true,"href":"https:\/\/www.zracakoblacak.com\/sl\/wp-json\/wp\/v2\/product_brand?post=3544"},{"taxonomy":"product_cat","embeddable":true,"href":"https:\/\/www.zracakoblacak.com\/sl\/wp-json\/wp\/v2\/product_cat?post=3544"},{"taxonomy":"product_tag","embeddable":true,"href":"https:\/\/www.zracakoblacak.com\/sl\/wp-json\/wp\/v2\/product_tag?post=3544"}],"curies":[{"name":"wp","href":"https:\/\/api.w.org\/{rel}","templated":true}]}}