{"id":3618,"date":"2020-08-04T09:44:47","date_gmt":"2020-08-04T09:44:47","guid":{"rendered":"https:\/\/www.zracakoblacak.com\/?post_type=product&#038;p=3618"},"modified":"2023-06-05T07:42:07","modified_gmt":"2023-06-05T07:42:07","slug":"its-a-boy","status":"publish","type":"product","link":"https:\/\/www.zracakoblacak.com\/sl\/shop\/bocice\/cestitke\/its-a-boy\/","title":{"rendered":"It&#8217;s a boy"},"content":{"rendered":"<h2>Poruka u boci \u2013 &#8222;It&#8217;s a boy&#8220;<\/h2>\n<h3>Material: steklo<\/h3>\n<h3>Dimenzije: 30 x 70 mm<\/h3>\n<h4>Svojim najdra\u017ejim na zanimiv na\u010din povejte da ste nose\u010di.<\/h4>\n<h4>Z majhnim znakom pozornosti razveselite sestro, prijateljico, h\u010derko, ki se bo kmalu na\u0161la v najpomembnej\u0161i \u017eivljenjski vlogi.&nbsp;<\/h4>\n<h4>Simpati\u010den detajl za baby shower zabavo.<\/h4>\n<h4>Sporo\u010dilo po va\u0161i \u017eelji.<\/h4>","protected":false},"excerpt":{"rendered":"<h3>Razveselite va\u0161e najdra\u017eje na originalni na\u010din \u2013 s sporo\u010dilom v stekleni\u010dki!<\/h3>\n<h1>&#8222;It&#8217;s a boy&#8220;<\/h1>\n<h3>Svojim najdra\u017ejim na zanimiv na\u010din povejte da ste nose\u010di.<\/h3>\n<h3>Z majhnim znakom pozornosti razveselite sestro, prijateljico...&nbsp;<\/h3>\n<h3>Simpati\u010den detajl za baby shower zabavo.<\/h3>","protected":false},"featured_media":3619,"comment_status":"open","ping_status":"closed","template":"","meta":{"ngg_post_thumbnail":0},"product_brand":[],"product_cat":[91,105,89,94],"product_tag":[],"class_list":{"0":"post-3618","1":"product","2":"type-product","3":"status-publish","4":"has-post-thumbnail","6":"product_cat-cestitke","7":"product_cat-bocice","8":"product_cat-prijateljstvo","9":"product_cat-porodica","11":"first","12":"instock","13":"shipping-taxable","14":"purchasable","15":"product-type-simple"},"jetpack_sharing_enabled":true,"_links":{"self":[{"href":"https:\/\/www.zracakoblacak.com\/sl\/wp-json\/wp\/v2\/product\/3618","targetHints":{"allow":["GET"]}}],"collection":[{"href":"https:\/\/www.zracakoblacak.com\/sl\/wp-json\/wp\/v2\/product"}],"about":[{"href":"https:\/\/www.zracakoblacak.com\/sl\/wp-json\/wp\/v2\/types\/product"}],"replies":[{"embeddable":true,"href":"https:\/\/www.zracakoblacak.com\/sl\/wp-json\/wp\/v2\/comments?post=3618"}],"wp:featuredmedia":[{"embeddable":true,"href":"https:\/\/www.zracakoblacak.com\/sl\/wp-json\/wp\/v2\/media\/3619"}],"wp:attachment":[{"href":"https:\/\/www.zracakoblacak.com\/sl\/wp-json\/wp\/v2\/media?parent=3618"}],"wp:term":[{"taxonomy":"product_brand","embeddable":true,"href":"https:\/\/www.zracakoblacak.com\/sl\/wp-json\/wp\/v2\/product_brand?post=3618"},{"taxonomy":"product_cat","embeddable":true,"href":"https:\/\/www.zracakoblacak.com\/sl\/wp-json\/wp\/v2\/product_cat?post=3618"},{"taxonomy":"product_tag","embeddable":true,"href":"https:\/\/www.zracakoblacak.com\/sl\/wp-json\/wp\/v2\/product_tag?post=3618"}],"curies":[{"name":"wp","href":"https:\/\/api.w.org\/{rel}","templated":true}]}}