{"id":3764,"date":"2020-08-05T07:21:46","date_gmt":"2020-08-05T07:21:46","guid":{"rendered":"https:\/\/www.zracakoblacak.com\/?post_type=product&#038;p=3764"},"modified":"2024-06-07T17:26:21","modified_gmt":"2024-06-07T17:26:21","slug":"best-friends-forever","status":"publish","type":"product","link":"https:\/\/www.zracakoblacak.com\/sl\/shop\/bocice\/prijateljstvo\/best-friends-forever\/","title":{"rendered":"Best friends forever"},"content":{"rendered":"<h2>Poruka u boci \u2013 &#8222;Best friends forever&#8220;<\/h2>\n<h3>Material: steklo<\/h3>\n<h3>Obesek: po \u017eelji<\/h3>\n<h3>Dimenzije: 30 x 70 mm<\/h3>\n<h4>\u017divljenje so majhne stvari. Najve\u010dja sre\u010da so lepi spomini. Vsak dan je dobra prilo\u017enost za majhno pozornost.<\/h4>\n<h4>Va\u0161o najljub\u0161o fotografijo spremenite v simpati\u010dno darilo ali vo\u0161\u010dilnico.<\/h4>\n<h5>*Po\u0161ljite svojo fotografijo, katero \u017eelite, da je v steklenici<\/h5>\n<h5>*Napi\u0161ite \u017eeleno sporo\u010dilo<\/h5>\n<p>&nbsp;<\/p>","protected":false},"excerpt":{"rendered":"<h3>Razveselite sebe ali svoje najdra\u017eje na originalni na\u010din \u2013 s sporo\u010dilom v stekleni\u010dki!<\/h3>\n<h1>&#8222;Best friends forever&#8220;<\/h1>\n<h3>Va\u0161o najljub\u0161o fotografijo spremenite v simpati\u010dno darilo ali vo\u0161\u010dilnico.<\/h3>\n<h3>Vsak dan je dobra prilo\u017enost za majhno pozornost.<\/h3>","protected":false},"featured_media":3765,"comment_status":"open","ping_status":"closed","template":"","meta":{"ngg_post_thumbnail":0},"product_brand":[],"product_cat":[89,105,91],"product_tag":[],"class_list":{"0":"post-3764","1":"product","2":"type-product","3":"status-publish","4":"has-post-thumbnail","6":"product_cat-prijateljstvo","7":"product_cat-bocice","8":"product_cat-cestitke","10":"first","11":"instock","12":"shipping-taxable","13":"purchasable","14":"product-type-simple"},"jetpack_sharing_enabled":true,"_links":{"self":[{"href":"https:\/\/www.zracakoblacak.com\/sl\/wp-json\/wp\/v2\/product\/3764","targetHints":{"allow":["GET"]}}],"collection":[{"href":"https:\/\/www.zracakoblacak.com\/sl\/wp-json\/wp\/v2\/product"}],"about":[{"href":"https:\/\/www.zracakoblacak.com\/sl\/wp-json\/wp\/v2\/types\/product"}],"replies":[{"embeddable":true,"href":"https:\/\/www.zracakoblacak.com\/sl\/wp-json\/wp\/v2\/comments?post=3764"}],"wp:featuredmedia":[{"embeddable":true,"href":"https:\/\/www.zracakoblacak.com\/sl\/wp-json\/wp\/v2\/media\/3765"}],"wp:attachment":[{"href":"https:\/\/www.zracakoblacak.com\/sl\/wp-json\/wp\/v2\/media?parent=3764"}],"wp:term":[{"taxonomy":"product_brand","embeddable":true,"href":"https:\/\/www.zracakoblacak.com\/sl\/wp-json\/wp\/v2\/product_brand?post=3764"},{"taxonomy":"product_cat","embeddable":true,"href":"https:\/\/www.zracakoblacak.com\/sl\/wp-json\/wp\/v2\/product_cat?post=3764"},{"taxonomy":"product_tag","embeddable":true,"href":"https:\/\/www.zracakoblacak.com\/sl\/wp-json\/wp\/v2\/product_tag?post=3764"}],"curies":[{"name":"wp","href":"https:\/\/api.w.org\/{rel}","templated":true}]}}