{"id":3793,"date":"2020-08-17T14:36:43","date_gmt":"2020-08-17T14:36:43","guid":{"rendered":"https:\/\/www.zracakoblacak.com\/?post_type=product&#038;p=3793"},"modified":"2023-06-05T07:44:44","modified_gmt":"2023-06-05T07:44:44","slug":"good-times","status":"publish","type":"product","link":"https:\/\/www.zracakoblacak.com\/sl\/shop\/bocice\/cestitke\/good-times\/","title":{"rendered":"Let the good times roll"},"content":{"rendered":"<h2>Poruka u boci \u2013 &#8222;Let the good times roll&#8220;<\/h2>\n<h3>Material: steklo<\/h3>\n<h3>Dimenzije: 30 x 70 mm<\/h3>\n<h4>\u010ce \u017eelite, da je va\u0161a rojstnodnevna vo\u0161\u010dilnica druga\u010dna in da ne ostane neopa\u017eena v morju klasi\u010dnih vo\u0161\u010dilnic, je sporo\u010dilo v stekleni\u010dki prava izbira za vas.<\/h4>","protected":false},"excerpt":{"rendered":"<h3>Razveselite va\u0161e najdra\u017eje na originalni na\u010din \u2013 s sporo\u010dilom v stekleni\u010dki!<\/h3>\n<h1>&#8222;Let the good times roll&#8220;<\/h1>\n<h3>\u010ce \u017eelite, da je va\u0161a rojstnodnevna vo\u0161\u010dilnica druga\u010dna in da ne ostane neopa\u017eena v morju klasi\u010dnih vo\u0161\u010dilnic, je sporo\u010dilo v stekleni\u010dki prava izbira za vas.<\/h3>","protected":false},"featured_media":3794,"comment_status":"open","ping_status":"closed","template":"","meta":{"ngg_post_thumbnail":0},"product_brand":[],"product_cat":[91,105,90],"product_tag":[],"class_list":{"0":"post-3793","1":"product","2":"type-product","3":"status-publish","4":"has-post-thumbnail","6":"product_cat-cestitke","7":"product_cat-bocice","8":"product_cat-zabava","10":"first","11":"instock","12":"shipping-taxable","13":"purchasable","14":"product-type-simple"},"jetpack_sharing_enabled":true,"_links":{"self":[{"href":"https:\/\/www.zracakoblacak.com\/sl\/wp-json\/wp\/v2\/product\/3793","targetHints":{"allow":["GET"]}}],"collection":[{"href":"https:\/\/www.zracakoblacak.com\/sl\/wp-json\/wp\/v2\/product"}],"about":[{"href":"https:\/\/www.zracakoblacak.com\/sl\/wp-json\/wp\/v2\/types\/product"}],"replies":[{"embeddable":true,"href":"https:\/\/www.zracakoblacak.com\/sl\/wp-json\/wp\/v2\/comments?post=3793"}],"wp:featuredmedia":[{"embeddable":true,"href":"https:\/\/www.zracakoblacak.com\/sl\/wp-json\/wp\/v2\/media\/3794"}],"wp:attachment":[{"href":"https:\/\/www.zracakoblacak.com\/sl\/wp-json\/wp\/v2\/media?parent=3793"}],"wp:term":[{"taxonomy":"product_brand","embeddable":true,"href":"https:\/\/www.zracakoblacak.com\/sl\/wp-json\/wp\/v2\/product_brand?post=3793"},{"taxonomy":"product_cat","embeddable":true,"href":"https:\/\/www.zracakoblacak.com\/sl\/wp-json\/wp\/v2\/product_cat?post=3793"},{"taxonomy":"product_tag","embeddable":true,"href":"https:\/\/www.zracakoblacak.com\/sl\/wp-json\/wp\/v2\/product_tag?post=3793"}],"curies":[{"name":"wp","href":"https:\/\/api.w.org\/{rel}","templated":true}]}}