{"id":3827,"date":"2020-08-31T08:41:29","date_gmt":"2020-08-31T08:41:29","guid":{"rendered":"https:\/\/www.zracakoblacak.com\/?post_type=product&#038;p=3827"},"modified":"2022-12-02T20:10:34","modified_gmt":"2022-12-02T20:10:34","slug":"most-beautiful-things","status":"publish","type":"product","link":"https:\/\/www.zracakoblacak.com\/sl\/shop\/bocice\/ljubav\/most-beautiful-things\/","title":{"rendered":"Little Prince"},"content":{"rendered":"<h2>Poruka u boci \u2013 &#8222;The most beautiful things in the world cannot be seen or touched, they are felt with the heart.&#8220;<\/h2>\n<h3>Material: steklo<\/h3>\n<h3>Dimenzije: 30 x 70 mm<\/h3>\n<h4>&#8222;\u010covek samo srcem dobro vidi. Ono bitno, o\u010dima je nevidljivo.&#8220; &#8211; Antoine de Saint-Exup\u00e9ry<\/h4>\n<h4>&#8222;O\u010di su slepe. Treba tra\u017eiti srcem.&#8220; &#8211; Antoine de Saint-Exup\u00e9ry<\/h4>\n<h4>&#8222;Pitam se ne svetle li zvezde radi toga da bi svako od nas mogao prona\u0107i svoju.&#8220; &#8211; Antoine de Saint-Exup\u00e9ry<\/h4>\n<h4>&#8222;Bilo da je u pitanju ku\u0107a, zvezde ili pustinja, ono \u0161to \u010dini njihovu lepotu \u2013 nevidljivo je!&#8220; &#8211; Antoine de Saint-Exup\u00e9ry<\/h4>\n<h4>Za koji god citat iz &#8222;Malog princa&#8220; da se odlu\u010dite, ne\u0107ete pogre\u0161iti.<\/h4>\n<h4>Va\u0161e omiljene misli ili stihove pretvorite u jedinstvene poklone.<\/h4>\n<h4>\u017divot \u010dine male stvari. Za mali znak pa\u017enje, svaki dan je dobar povod.<\/h4>\n<p>&nbsp;<\/p>","protected":false},"excerpt":{"rendered":"<h3>Razveselite sebe ali svoje najdra\u017eje na originalni na\u010din \u2013 s sporo\u010dilom v stekleni\u010dki!<\/h3>\n<h1>&#8222;The most beautiful things in the world cannot be seen or touched, they are felt with the heart.&#8220;<\/h1>\n<h3>&#8222;\u010covek samo srcem dobro vidi. Ono bitno, o\u010dima je nevidljivo.&#8220;<\/h3>\n<h3>Va\u0161e omiljene citate ili stihove pretvorite u jedinstvene poklone.<\/h3>\n<p><a href=\"https:\/\/youtu.be\/jGg4VApwnyg\" target=\"_blank\" rel=\"noopener noreferrer\">https:\/\/youtu.be\/jGg4VApwnyg<\/a><\/p>","protected":false},"featured_media":3828,"comment_status":"open","ping_status":"closed","template":"","meta":{"ngg_post_thumbnail":0},"product_brand":[],"product_cat":[88,105,89,95],"product_tag":[],"class_list":{"0":"post-3827","1":"product","2":"type-product","3":"status-publish","4":"has-post-thumbnail","6":"product_cat-ljubav","7":"product_cat-bocice","8":"product_cat-prijateljstvo","9":"product_cat-motivacija","11":"first","12":"instock","13":"shipping-taxable","14":"purchasable","15":"product-type-simple"},"jetpack_sharing_enabled":true,"_links":{"self":[{"href":"https:\/\/www.zracakoblacak.com\/sl\/wp-json\/wp\/v2\/product\/3827","targetHints":{"allow":["GET"]}}],"collection":[{"href":"https:\/\/www.zracakoblacak.com\/sl\/wp-json\/wp\/v2\/product"}],"about":[{"href":"https:\/\/www.zracakoblacak.com\/sl\/wp-json\/wp\/v2\/types\/product"}],"replies":[{"embeddable":true,"href":"https:\/\/www.zracakoblacak.com\/sl\/wp-json\/wp\/v2\/comments?post=3827"}],"wp:featuredmedia":[{"embeddable":true,"href":"https:\/\/www.zracakoblacak.com\/sl\/wp-json\/wp\/v2\/media\/3828"}],"wp:attachment":[{"href":"https:\/\/www.zracakoblacak.com\/sl\/wp-json\/wp\/v2\/media?parent=3827"}],"wp:term":[{"taxonomy":"product_brand","embeddable":true,"href":"https:\/\/www.zracakoblacak.com\/sl\/wp-json\/wp\/v2\/product_brand?post=3827"},{"taxonomy":"product_cat","embeddable":true,"href":"https:\/\/www.zracakoblacak.com\/sl\/wp-json\/wp\/v2\/product_cat?post=3827"},{"taxonomy":"product_tag","embeddable":true,"href":"https:\/\/www.zracakoblacak.com\/sl\/wp-json\/wp\/v2\/product_tag?post=3827"}],"curies":[{"name":"wp","href":"https:\/\/api.w.org\/{rel}","templated":true}]}}