{"id":3879,"date":"2020-09-01T22:15:59","date_gmt":"2020-09-01T22:15:59","guid":{"rendered":"https:\/\/www.zracakoblacak.com\/?post_type=product&#038;p=3879"},"modified":"2022-12-02T20:10:34","modified_gmt":"2022-12-02T20:10:34","slug":"she-wolf","status":"publish","type":"product","link":"https:\/\/www.zracakoblacak.com\/sl\/shop\/bocice\/prijateljstvo\/she-wolf\/","title":{"rendered":"She wolf"},"content":{"rendered":"<h2>Poruka u boci \u2013 &#8222;Pain shapes a woman into a warrior&#8220;<\/h2>\n<h3>Material: steklo<\/h3>\n<h3>Dimenzije: 30 x 70 mm<\/h3>\n<h4>&#8222;Divlji vuk&#8220; je unutar svake \u017eene. Sve \u0161to \u017eena treba da uradi, je da skupi hrabrost i da ga probudi.<\/h4>\n<h4>Vu\u010dica je jaka, ume da poka\u017ee svoju snagu i zna kako da bude glavna, bez straha i nesigurnosti.<\/h4>\n<h4>Za sve &#8222;\u017eene ratnice&#8220;&#8230; Budite sigurne, svesne svojih mogu\u0107nosti, slu\u0161ajte intuiciju, budite hrabre!&nbsp;<\/h4>","protected":false},"excerpt":{"rendered":"<h3>Razveselite sebe ali svoje najdra\u017eje na originalni na\u010din \u2013 s sporo\u010dilom v stekleni\u010dki!<\/h3>\n<h1>&#8222;Pain shapes a woman into a warrior&#8220;<\/h1>\n<h3>&#8222;Divlji vuk&#8220; je unutar svake \u017eene. Sve \u0161to \u017eena treba da uradi, je da skupi hrabrost i da ga probudi.<\/h3>\n<h3>Za sve &#8222;\u017eene ratnice&#8220;.<\/h3>","protected":false},"featured_media":4723,"comment_status":"open","ping_status":"closed","template":"","meta":{"ngg_post_thumbnail":0},"product_brand":[],"product_cat":[89,105,95],"product_tag":[],"class_list":{"0":"post-3879","1":"product","2":"type-product","3":"status-publish","4":"has-post-thumbnail","6":"product_cat-prijateljstvo","7":"product_cat-bocice","8":"product_cat-motivacija","10":"first","11":"instock","12":"shipping-taxable","13":"purchasable","14":"product-type-simple"},"jetpack_sharing_enabled":true,"_links":{"self":[{"href":"https:\/\/www.zracakoblacak.com\/sl\/wp-json\/wp\/v2\/product\/3879","targetHints":{"allow":["GET"]}}],"collection":[{"href":"https:\/\/www.zracakoblacak.com\/sl\/wp-json\/wp\/v2\/product"}],"about":[{"href":"https:\/\/www.zracakoblacak.com\/sl\/wp-json\/wp\/v2\/types\/product"}],"replies":[{"embeddable":true,"href":"https:\/\/www.zracakoblacak.com\/sl\/wp-json\/wp\/v2\/comments?post=3879"}],"wp:featuredmedia":[{"embeddable":true,"href":"https:\/\/www.zracakoblacak.com\/sl\/wp-json\/wp\/v2\/media\/4723"}],"wp:attachment":[{"href":"https:\/\/www.zracakoblacak.com\/sl\/wp-json\/wp\/v2\/media?parent=3879"}],"wp:term":[{"taxonomy":"product_brand","embeddable":true,"href":"https:\/\/www.zracakoblacak.com\/sl\/wp-json\/wp\/v2\/product_brand?post=3879"},{"taxonomy":"product_cat","embeddable":true,"href":"https:\/\/www.zracakoblacak.com\/sl\/wp-json\/wp\/v2\/product_cat?post=3879"},{"taxonomy":"product_tag","embeddable":true,"href":"https:\/\/www.zracakoblacak.com\/sl\/wp-json\/wp\/v2\/product_tag?post=3879"}],"curies":[{"name":"wp","href":"https:\/\/api.w.org\/{rel}","templated":true}]}}