{"id":3924,"date":"2020-09-08T07:25:34","date_gmt":"2020-09-08T07:25:34","guid":{"rendered":"https:\/\/www.zracakoblacak.com\/?post_type=product&#038;p=3924"},"modified":"2022-12-02T20:10:34","modified_gmt":"2022-12-02T20:10:34","slug":"endlessly","status":"publish","type":"product","link":"https:\/\/www.zracakoblacak.com\/sl\/shop\/bocice\/ljubav\/endlessly\/","title":{"rendered":"Endlessly"},"content":{"rendered":"<h2>Poruka u boci \u2013 &#8222;Endlessly&#8220;<\/h2>\n<h3>Material: steklo<\/h3>\n<h3>Dimenzije: 30 x 70 mm<\/h3>\n<h4>Posebnoj osobi je dovoljna jedna re\u010d, magi\u010dna. U pravu re\u010d staje bezbroj ose\u0107anja i ume mnogo vi\u0161e da ka\u017ee od pesme, pri\u010de ili romana koji biste posvetili dragoj osobi.&nbsp;<\/h4>\n<h4>Imate va\u0161u magi\u010dnu re\u010d? Pretvorite je u unikatan poklon.<\/h4>\n<p>&nbsp;<\/p>","protected":false},"excerpt":{"rendered":"<h3>Razveselite va\u0161e najdra\u017eje na originalni na\u010din \u2013 s sporo\u010dilom v stekleni\u010dki!<\/h3>\n<h1>&#8222;Endlessly&#8220;<\/h1>\n<h3>Posebnoj osobi je dovoljna jedna re\u010d, magi\u010dna. U pravu re\u010d staje bezbroj ose\u0107anja i ume mnogo vi\u0161e da ka\u017ee od pesme, pri\u010de ili romana koji biste posvetili dragoj osobi.&nbsp;<\/h3>","protected":false},"featured_media":4834,"comment_status":"open","ping_status":"closed","template":"","meta":{"ngg_post_thumbnail":0},"product_brand":[],"product_cat":[88,105,94],"product_tag":[],"class_list":{"0":"post-3924","1":"product","2":"type-product","3":"status-publish","4":"has-post-thumbnail","6":"product_cat-ljubav","7":"product_cat-bocice","8":"product_cat-porodica","10":"first","11":"instock","12":"shipping-taxable","13":"purchasable","14":"product-type-simple"},"jetpack_sharing_enabled":true,"_links":{"self":[{"href":"https:\/\/www.zracakoblacak.com\/sl\/wp-json\/wp\/v2\/product\/3924","targetHints":{"allow":["GET"]}}],"collection":[{"href":"https:\/\/www.zracakoblacak.com\/sl\/wp-json\/wp\/v2\/product"}],"about":[{"href":"https:\/\/www.zracakoblacak.com\/sl\/wp-json\/wp\/v2\/types\/product"}],"replies":[{"embeddable":true,"href":"https:\/\/www.zracakoblacak.com\/sl\/wp-json\/wp\/v2\/comments?post=3924"}],"wp:featuredmedia":[{"embeddable":true,"href":"https:\/\/www.zracakoblacak.com\/sl\/wp-json\/wp\/v2\/media\/4834"}],"wp:attachment":[{"href":"https:\/\/www.zracakoblacak.com\/sl\/wp-json\/wp\/v2\/media?parent=3924"}],"wp:term":[{"taxonomy":"product_brand","embeddable":true,"href":"https:\/\/www.zracakoblacak.com\/sl\/wp-json\/wp\/v2\/product_brand?post=3924"},{"taxonomy":"product_cat","embeddable":true,"href":"https:\/\/www.zracakoblacak.com\/sl\/wp-json\/wp\/v2\/product_cat?post=3924"},{"taxonomy":"product_tag","embeddable":true,"href":"https:\/\/www.zracakoblacak.com\/sl\/wp-json\/wp\/v2\/product_tag?post=3924"}],"curies":[{"name":"wp","href":"https:\/\/api.w.org\/{rel}","templated":true}]}}