{"id":3929,"date":"2020-09-08T08:15:22","date_gmt":"2020-09-08T08:15:22","guid":{"rendered":"https:\/\/www.zracakoblacak.com\/?post_type=product&#038;p=3929"},"modified":"2023-06-05T07:46:02","modified_gmt":"2023-06-05T07:46:02","slug":"keep-looking-up","status":"publish","type":"product","link":"https:\/\/www.zracakoblacak.com\/sl\/shop\/bocice\/prijateljstvo\/keep-looking-up\/","title":{"rendered":"Keep looking up"},"content":{"rendered":"<h2>Poruka u boci \u2013 &#8222;Keep looking up. That&#8217;s the secret of life.&#8220;<\/h2>\n<h3>Material: steklo<\/h3>\n<h3>Dimenzije: 30 x 70 mm<\/h3>\n<h4>Kada je te\u0161ko, treba na\u0107i snagu i podi\u0107i glavu.<\/h4>\n<h4>Naoru\u017eajte se uporno\u0161\u0107u, istrajno\u0161\u0107u i hrabro idite napred.<\/h4>","protected":false},"excerpt":{"rendered":"<h3>Razveselite sebe ali svoje najdra\u017eje na originalni na\u010din \u2013 s sporo\u010dilom v stekleni\u010dki!<\/h3>\n<h1>&#8222;Keep looking up. That&#8217;s the secret of life.&#8220;<\/h1>\n<h4>Kada je te\u0161ko, treba na\u0107i snagu i podi\u0107i glavu.<\/h4>\n<h4>Naoru\u017eajte se uporno\u0161\u0107u, istrajno\u0161\u0107u i hrabro idite napred.<\/h4>","protected":false},"featured_media":3930,"comment_status":"open","ping_status":"closed","template":"","meta":{"ngg_post_thumbnail":0},"product_brand":[],"product_cat":[89,105,95],"product_tag":[],"class_list":{"0":"post-3929","1":"product","2":"type-product","3":"status-publish","4":"has-post-thumbnail","6":"product_cat-prijateljstvo","7":"product_cat-bocice","8":"product_cat-motivacija","10":"first","11":"instock","12":"shipping-taxable","13":"purchasable","14":"product-type-simple"},"jetpack_sharing_enabled":true,"_links":{"self":[{"href":"https:\/\/www.zracakoblacak.com\/sl\/wp-json\/wp\/v2\/product\/3929","targetHints":{"allow":["GET"]}}],"collection":[{"href":"https:\/\/www.zracakoblacak.com\/sl\/wp-json\/wp\/v2\/product"}],"about":[{"href":"https:\/\/www.zracakoblacak.com\/sl\/wp-json\/wp\/v2\/types\/product"}],"replies":[{"embeddable":true,"href":"https:\/\/www.zracakoblacak.com\/sl\/wp-json\/wp\/v2\/comments?post=3929"}],"wp:featuredmedia":[{"embeddable":true,"href":"https:\/\/www.zracakoblacak.com\/sl\/wp-json\/wp\/v2\/media\/3930"}],"wp:attachment":[{"href":"https:\/\/www.zracakoblacak.com\/sl\/wp-json\/wp\/v2\/media?parent=3929"}],"wp:term":[{"taxonomy":"product_brand","embeddable":true,"href":"https:\/\/www.zracakoblacak.com\/sl\/wp-json\/wp\/v2\/product_brand?post=3929"},{"taxonomy":"product_cat","embeddable":true,"href":"https:\/\/www.zracakoblacak.com\/sl\/wp-json\/wp\/v2\/product_cat?post=3929"},{"taxonomy":"product_tag","embeddable":true,"href":"https:\/\/www.zracakoblacak.com\/sl\/wp-json\/wp\/v2\/product_tag?post=3929"}],"curies":[{"name":"wp","href":"https:\/\/api.w.org\/{rel}","templated":true}]}}