{"id":3931,"date":"2020-09-09T07:57:42","date_gmt":"2020-09-09T07:57:42","guid":{"rendered":"https:\/\/www.zracakoblacak.com\/?post_type=product&#038;p=3931"},"modified":"2023-06-05T07:46:24","modified_gmt":"2023-06-05T07:46:24","slug":"if-youre-lucky-enough-to-be-different-dont-ever-change","status":"publish","type":"product","link":"https:\/\/www.zracakoblacak.com\/sl\/shop\/bocice\/ljubav\/if-youre-lucky-enough-to-be-different-dont-ever-change\/","title":{"rendered":"If you&#8217;re lucky enough&#8230;"},"content":{"rendered":"<h2>Poruka u boci \u2013 &#8222;If you&#8217;re lucky enough to be different, don&#8217;t ever change&#8220;<\/h2>\n<h3>Material: steklo<\/h3>\n<h3>Privezak: jednorog<\/h3>\n<h3>Dimenzije: 30 x 70 mm<\/h3>\n<h4>Samo malo \u010darolije, u va\u0161 \u017eivot mo\u017ee uneti mnogo radosti.<\/h4>\n<h4>Jednorog, magi\u010dno bi\u0107e, predstavlja mo\u0107, slobodu, nadu, isceljenje.<\/h4>\n<h4>Na svoj poseban na\u010di, jednorozi nam poma\u017eu da verujemo u sebe, budemo pozitivni, nasmejani i pre svega svoji.<\/h4>\n<h4>&nbsp;<\/h4>\n<p>&nbsp;<\/p>","protected":false},"excerpt":{"rendered":"<h3>Razveselite va\u0161e najdra\u017eje na originalni na\u010din \u2013 s sporo\u010dilom v stekleni\u010dki!<\/h3>\n<h1>&#8222;If you&#8217;re lucky enough to be different, don&#8217;t ever change&#8220;<\/h1>\n<h3>Na svoj poseban na\u010di, jednorozi nam poma\u017eu da verujemo u sebe, budemo pozitivni, nasmejani i pre svega svoji.<\/h3>","protected":false},"featured_media":3932,"comment_status":"open","ping_status":"closed","template":"","meta":{"ngg_post_thumbnail":0},"product_brand":[],"product_cat":[88,105,89,94,91,90,95],"product_tag":[],"class_list":{"0":"post-3931","1":"product","2":"type-product","3":"status-publish","4":"has-post-thumbnail","6":"product_cat-ljubav","7":"product_cat-bocice","8":"product_cat-prijateljstvo","9":"product_cat-porodica","10":"product_cat-cestitke","11":"product_cat-zabava","12":"product_cat-motivacija","14":"first","15":"instock","16":"shipping-taxable","17":"purchasable","18":"product-type-simple"},"jetpack_sharing_enabled":true,"_links":{"self":[{"href":"https:\/\/www.zracakoblacak.com\/sl\/wp-json\/wp\/v2\/product\/3931","targetHints":{"allow":["GET"]}}],"collection":[{"href":"https:\/\/www.zracakoblacak.com\/sl\/wp-json\/wp\/v2\/product"}],"about":[{"href":"https:\/\/www.zracakoblacak.com\/sl\/wp-json\/wp\/v2\/types\/product"}],"replies":[{"embeddable":true,"href":"https:\/\/www.zracakoblacak.com\/sl\/wp-json\/wp\/v2\/comments?post=3931"}],"wp:featuredmedia":[{"embeddable":true,"href":"https:\/\/www.zracakoblacak.com\/sl\/wp-json\/wp\/v2\/media\/3932"}],"wp:attachment":[{"href":"https:\/\/www.zracakoblacak.com\/sl\/wp-json\/wp\/v2\/media?parent=3931"}],"wp:term":[{"taxonomy":"product_brand","embeddable":true,"href":"https:\/\/www.zracakoblacak.com\/sl\/wp-json\/wp\/v2\/product_brand?post=3931"},{"taxonomy":"product_cat","embeddable":true,"href":"https:\/\/www.zracakoblacak.com\/sl\/wp-json\/wp\/v2\/product_cat?post=3931"},{"taxonomy":"product_tag","embeddable":true,"href":"https:\/\/www.zracakoblacak.com\/sl\/wp-json\/wp\/v2\/product_tag?post=3931"}],"curies":[{"name":"wp","href":"https:\/\/api.w.org\/{rel}","templated":true}]}}