{"id":3937,"date":"2020-09-15T08:53:11","date_gmt":"2020-09-15T08:53:11","guid":{"rendered":"https:\/\/www.zracakoblacak.com\/?post_type=product&#038;p=3937"},"modified":"2023-06-05T07:46:35","modified_gmt":"2023-06-05T07:46:35","slug":"you-add-color-to-my-life","status":"publish","type":"product","link":"https:\/\/www.zracakoblacak.com\/sl\/shop\/bocice\/ljubav\/you-add-color-to-my-life\/","title":{"rendered":"You add color to my life"},"content":{"rendered":"<h2>Poruka u boci \u2013 &#8222;You add color to my life&#8220;<\/h2>\n<h3>Material: steklo<\/h3>\n<h3>Dimenzije: 20 x 75 mm<\/h3>\n<h4>\u017divot \u010dine male stvari. Razveselite neki vama drag obla\u010dak. \ud83d\ude42&nbsp;<br \/>\nSa va\u0161om porukom, ovo mo\u017ee biti zanimljiva pozivnica za rodjendan, poklon za goste ili \u010destitka.<\/h4>\n<div class=\"sfsi_responsive_icons\" data-icon-width-type=\"Fully responsive\" data-icon-width-size=\"240\" data-edge-type=\"Round\" data-edge-radius=\"5\">\n<div class=\"sfsi_icons_container sfsi_responsive_without_counter_icons sfsi_small_button_container sfsi_icons_container_box_fully_container\">&nbsp;<\/div>\n<\/div>","protected":false},"excerpt":{"rendered":"<h3>Razveselite va\u0161e najdra\u017eje na originalni na\u010din \u2013 s sporo\u010dilom v stekleni\u010dki!<\/h3>\n<h1>&#8222;You add color to my life&#8220;<\/h1>\n<h3>\u017divot \u010dine male stvari. &#8222;Budite zra\u010dak nekom obla\u010dku&#8220; ?<\/h3>\n<h3>Uz druga\u010diju poruku, ovo mo\u017ee biti lepa pozivnica, poklon za goste, ili \u010destitka.<\/h3>","protected":false},"featured_media":3938,"comment_status":"open","ping_status":"closed","template":"","meta":{"ngg_post_thumbnail":0},"product_brand":[],"product_cat":[88,105,89,94,91,92,90,95],"product_tag":[],"class_list":{"0":"post-3937","1":"product","2":"type-product","3":"status-publish","4":"has-post-thumbnail","6":"product_cat-ljubav","7":"product_cat-bocice","8":"product_cat-prijateljstvo","9":"product_cat-porodica","10":"product_cat-cestitke","11":"product_cat-vencanje","12":"product_cat-zabava","13":"product_cat-motivacija","15":"first","16":"instock","17":"shipping-taxable","18":"purchasable","19":"product-type-simple"},"jetpack_sharing_enabled":true,"_links":{"self":[{"href":"https:\/\/www.zracakoblacak.com\/sl\/wp-json\/wp\/v2\/product\/3937","targetHints":{"allow":["GET"]}}],"collection":[{"href":"https:\/\/www.zracakoblacak.com\/sl\/wp-json\/wp\/v2\/product"}],"about":[{"href":"https:\/\/www.zracakoblacak.com\/sl\/wp-json\/wp\/v2\/types\/product"}],"replies":[{"embeddable":true,"href":"https:\/\/www.zracakoblacak.com\/sl\/wp-json\/wp\/v2\/comments?post=3937"}],"wp:featuredmedia":[{"embeddable":true,"href":"https:\/\/www.zracakoblacak.com\/sl\/wp-json\/wp\/v2\/media\/3938"}],"wp:attachment":[{"href":"https:\/\/www.zracakoblacak.com\/sl\/wp-json\/wp\/v2\/media?parent=3937"}],"wp:term":[{"taxonomy":"product_brand","embeddable":true,"href":"https:\/\/www.zracakoblacak.com\/sl\/wp-json\/wp\/v2\/product_brand?post=3937"},{"taxonomy":"product_cat","embeddable":true,"href":"https:\/\/www.zracakoblacak.com\/sl\/wp-json\/wp\/v2\/product_cat?post=3937"},{"taxonomy":"product_tag","embeddable":true,"href":"https:\/\/www.zracakoblacak.com\/sl\/wp-json\/wp\/v2\/product_tag?post=3937"}],"curies":[{"name":"wp","href":"https:\/\/api.w.org\/{rel}","templated":true}]}}