{"id":3941,"date":"2020-09-15T09:12:14","date_gmt":"2020-09-15T09:12:14","guid":{"rendered":"https:\/\/www.zracakoblacak.com\/?post_type=product&#038;p=3941"},"modified":"2022-12-02T20:10:33","modified_gmt":"2022-12-02T20:10:33","slug":"red-string-of-fate","status":"publish","type":"product","link":"https:\/\/www.zracakoblacak.com\/sl\/shop\/bocice\/prijateljstvo\/red-string-of-fate\/","title":{"rendered":"Red string of fate"},"content":{"rendered":"<h2>Poruka u boci \u2013 &#8222;Red string of fate&#8220;<\/h2>\n<h3>Material: steklo<\/h3>\n<h3>Privezak: srce<\/h3>\n<h3>Dimenzije: 30 x 70 mm<\/h3>\n<h4>Crvena nit je nevidljiva nit sudbine koja povezuje dve osobe. Ona \u0107e vas pre ili kasnije dovesti do va\u0161e srodne du\u0161e. Mo\u017ee biti ispreplitana, rastegnuta, mo\u017ee nam se \u010diniti da je pukla, ali crvena nit se nikada ne mo\u017ee prekinuti! Va\u0161a polovina \u0107e putovati prema vama, \u010dak i kroz godine i udaljenosti.&nbsp;<\/h4>\n<h3>Ukoliko vas zanima ne\u0161to vi\u0161e u simbolici crvene niti sudbine, mo\u017eete pro\u010ditati u slede\u0107em<a href=\"https:\/\/www.zracakoblacak.com\/sl\/crvena-nit-sudbine\/\" target=\"_blank\" rel=\"noopener noreferrer\"> \u010dlanku<\/a>.<\/h3>","protected":false},"excerpt":{"rendered":"<h3>Razveselite sebe ali svoje najdra\u017eje na originalni na\u010din \u2013 s sporo\u010dilom v stekleni\u010dki!<\/h3>\n<h2>&#8222;Red string of fate&#8220;<\/h2>\n<h3>Crvena nit je nevidljiva nit sudbine koja povezuje dve osobe. Ona \u0107e vas pre ili kasnije dovesti do va\u0161e srodne du\u0161e. Mo\u017ee biti ispreplitana, rastegnuta, mo\u017ee nam se \u010diniti da je pukla, ali crvena nit se nikada ne mo\u017ee prekinuti! Va\u0161a polovina \u0107e putovati prema vama, \u010dak i kroz godine i udaljenosti.&nbsp;<\/h3>","protected":false},"featured_media":3942,"comment_status":"open","ping_status":"closed","template":"","meta":{"ngg_post_thumbnail":0},"product_brand":[],"product_cat":[89,105,88,94,92,95],"product_tag":[],"class_list":{"0":"post-3941","1":"product","2":"type-product","3":"status-publish","4":"has-post-thumbnail","6":"product_cat-prijateljstvo","7":"product_cat-bocice","8":"product_cat-ljubav","9":"product_cat-porodica","10":"product_cat-vencanje","11":"product_cat-motivacija","13":"first","14":"instock","15":"shipping-taxable","16":"purchasable","17":"product-type-simple"},"jetpack_sharing_enabled":true,"_links":{"self":[{"href":"https:\/\/www.zracakoblacak.com\/sl\/wp-json\/wp\/v2\/product\/3941","targetHints":{"allow":["GET"]}}],"collection":[{"href":"https:\/\/www.zracakoblacak.com\/sl\/wp-json\/wp\/v2\/product"}],"about":[{"href":"https:\/\/www.zracakoblacak.com\/sl\/wp-json\/wp\/v2\/types\/product"}],"replies":[{"embeddable":true,"href":"https:\/\/www.zracakoblacak.com\/sl\/wp-json\/wp\/v2\/comments?post=3941"}],"wp:featuredmedia":[{"embeddable":true,"href":"https:\/\/www.zracakoblacak.com\/sl\/wp-json\/wp\/v2\/media\/3942"}],"wp:attachment":[{"href":"https:\/\/www.zracakoblacak.com\/sl\/wp-json\/wp\/v2\/media?parent=3941"}],"wp:term":[{"taxonomy":"product_brand","embeddable":true,"href":"https:\/\/www.zracakoblacak.com\/sl\/wp-json\/wp\/v2\/product_brand?post=3941"},{"taxonomy":"product_cat","embeddable":true,"href":"https:\/\/www.zracakoblacak.com\/sl\/wp-json\/wp\/v2\/product_cat?post=3941"},{"taxonomy":"product_tag","embeddable":true,"href":"https:\/\/www.zracakoblacak.com\/sl\/wp-json\/wp\/v2\/product_tag?post=3941"}],"curies":[{"name":"wp","href":"https:\/\/api.w.org\/{rel}","templated":true}]}}