{"id":3961,"date":"2020-10-01T10:17:59","date_gmt":"2020-10-01T10:17:59","guid":{"rendered":"https:\/\/www.zracakoblacak.com\/?post_type=product&#038;p=3961"},"modified":"2022-12-02T20:10:33","modified_gmt":"2022-12-02T20:10:33","slug":"light-on","status":"publish","type":"product","link":"https:\/\/www.zracakoblacak.com\/sl\/shop\/bocice\/prijateljstvo\/light-on\/","title":{"rendered":"I will leave the light on"},"content":{"rendered":"<h2>Poruka u boci \u2013 &#8222;I will leave the light on&#8220;<\/h2>\n<h3>Material: steklo<\/h3>\n<h3>Dimenzije: 30 x 70 mm<\/h3>\n<h3>Dragoj osobi koja prolazi kroz te\u017eak period, dajte do znanja da ste uz nju i da \u0107ete uvek biti. Budite ne\u010dija svetlost, zra\u010dak&#8230;<\/h3>","protected":false},"excerpt":{"rendered":"<h3>Razveselite sebe ali svoje najdra\u017eje na originalni na\u010din \u2013 s sporo\u010dilom v stekleni\u010dki!<\/h3>\n<h1>&#8222;I will leave the light on&#8220; &#8211; Tom Walker<\/h1>\n<h3>Dragoj osobi koja prolazi kroz te\u017eak period, dajte do znanja da ste uz nju i da \u0107ete uvek biti.<\/h3>\n<p><a href=\"https:\/\/youtu.be\/hYe8TeUQ384\" target=\"_blank\" rel=\"noopener noreferrer\">https:\/\/youtu.be\/hYe8TeUQ384<\/a><\/p>","protected":false},"featured_media":3962,"comment_status":"open","ping_status":"closed","template":"","meta":{"ngg_post_thumbnail":0},"product_brand":[],"product_cat":[89,105,95],"product_tag":[],"class_list":{"0":"post-3961","1":"product","2":"type-product","3":"status-publish","4":"has-post-thumbnail","6":"product_cat-prijateljstvo","7":"product_cat-bocice","8":"product_cat-motivacija","10":"first","11":"instock","12":"shipping-taxable","13":"purchasable","14":"product-type-simple"},"jetpack_sharing_enabled":true,"_links":{"self":[{"href":"https:\/\/www.zracakoblacak.com\/sl\/wp-json\/wp\/v2\/product\/3961","targetHints":{"allow":["GET"]}}],"collection":[{"href":"https:\/\/www.zracakoblacak.com\/sl\/wp-json\/wp\/v2\/product"}],"about":[{"href":"https:\/\/www.zracakoblacak.com\/sl\/wp-json\/wp\/v2\/types\/product"}],"replies":[{"embeddable":true,"href":"https:\/\/www.zracakoblacak.com\/sl\/wp-json\/wp\/v2\/comments?post=3961"}],"wp:featuredmedia":[{"embeddable":true,"href":"https:\/\/www.zracakoblacak.com\/sl\/wp-json\/wp\/v2\/media\/3962"}],"wp:attachment":[{"href":"https:\/\/www.zracakoblacak.com\/sl\/wp-json\/wp\/v2\/media?parent=3961"}],"wp:term":[{"taxonomy":"product_brand","embeddable":true,"href":"https:\/\/www.zracakoblacak.com\/sl\/wp-json\/wp\/v2\/product_brand?post=3961"},{"taxonomy":"product_cat","embeddable":true,"href":"https:\/\/www.zracakoblacak.com\/sl\/wp-json\/wp\/v2\/product_cat?post=3961"},{"taxonomy":"product_tag","embeddable":true,"href":"https:\/\/www.zracakoblacak.com\/sl\/wp-json\/wp\/v2\/product_tag?post=3961"}],"curies":[{"name":"wp","href":"https:\/\/api.w.org\/{rel}","templated":true}]}}