{"id":3991,"date":"2020-10-17T10:31:25","date_gmt":"2020-10-17T10:31:25","guid":{"rendered":"https:\/\/www.zracakoblacak.com\/?post_type=product&#038;p=3991"},"modified":"2023-06-05T07:47:14","modified_gmt":"2023-06-05T07:47:14","slug":"a-dream-is-a-wish","status":"publish","type":"product","link":"https:\/\/www.zracakoblacak.com\/sl\/shop\/bocice\/ljubav\/a-dream-is-a-wish\/","title":{"rendered":"A dream is a wish&#8230;"},"content":{"rendered":"<h2>Poruka u boci \u2013 &#8222;A dream is a wish your heart makes&#8220;<\/h2>\n<h3>Material: steklo<\/h3>\n<h3>Dimenzije: 30 x 70 mm<\/h3>\n<h3>Ne postoji osoba koja nema nijednu \u017eelju, san. Svi \u017eelimo da se nama i na\u0161im dragim ljudima ostvari \u0161to vi\u0161e snova i \u017eelja.&nbsp;<\/h3>\n<h3>Slu\u0161ajte svoje srce i verujte u snove.<\/h3>","protected":false},"excerpt":{"rendered":"<h3>Razveselite sebe ali svoje najdra\u017eje na originalni na\u010din \u2013 s sporo\u010dilom v stekleni\u010dki!<\/h3>\n<h1>&#8222;A dream is a wish your heart makes&#8220; &#8211; Cinderella<\/h1>\n<h3>Ne postoji osoba koja nema nijednu \u017eelju, san. Svi \u017eelimo da se nama i na\u0161im dragim ljudima ostvari \u0161to vi\u0161e snova i \u017eelja.&nbsp;<\/h3>\n<h3>Slu\u0161ajte svoje srce i verujte u snove.<\/h3>","protected":false},"featured_media":3992,"comment_status":"open","ping_status":"closed","template":"","meta":{"ngg_post_thumbnail":0},"product_brand":[],"product_cat":[88,105,89,91,95],"product_tag":[],"class_list":{"0":"post-3991","1":"product","2":"type-product","3":"status-publish","4":"has-post-thumbnail","6":"product_cat-ljubav","7":"product_cat-bocice","8":"product_cat-prijateljstvo","9":"product_cat-cestitke","10":"product_cat-motivacija","12":"first","13":"instock","14":"shipping-taxable","15":"purchasable","16":"product-type-simple"},"jetpack_sharing_enabled":true,"_links":{"self":[{"href":"https:\/\/www.zracakoblacak.com\/sl\/wp-json\/wp\/v2\/product\/3991","targetHints":{"allow":["GET"]}}],"collection":[{"href":"https:\/\/www.zracakoblacak.com\/sl\/wp-json\/wp\/v2\/product"}],"about":[{"href":"https:\/\/www.zracakoblacak.com\/sl\/wp-json\/wp\/v2\/types\/product"}],"replies":[{"embeddable":true,"href":"https:\/\/www.zracakoblacak.com\/sl\/wp-json\/wp\/v2\/comments?post=3991"}],"wp:featuredmedia":[{"embeddable":true,"href":"https:\/\/www.zracakoblacak.com\/sl\/wp-json\/wp\/v2\/media\/3992"}],"wp:attachment":[{"href":"https:\/\/www.zracakoblacak.com\/sl\/wp-json\/wp\/v2\/media?parent=3991"}],"wp:term":[{"taxonomy":"product_brand","embeddable":true,"href":"https:\/\/www.zracakoblacak.com\/sl\/wp-json\/wp\/v2\/product_brand?post=3991"},{"taxonomy":"product_cat","embeddable":true,"href":"https:\/\/www.zracakoblacak.com\/sl\/wp-json\/wp\/v2\/product_cat?post=3991"},{"taxonomy":"product_tag","embeddable":true,"href":"https:\/\/www.zracakoblacak.com\/sl\/wp-json\/wp\/v2\/product_tag?post=3991"}],"curies":[{"name":"wp","href":"https:\/\/api.w.org\/{rel}","templated":true}]}}