{"id":3993,"date":"2020-10-17T10:42:26","date_gmt":"2020-10-17T10:42:26","guid":{"rendered":"https:\/\/www.zracakoblacak.com\/?post_type=product&#038;p=3993"},"modified":"2023-06-05T07:47:29","modified_gmt":"2023-06-05T07:47:29","slug":"imagination-against-reality","status":"publish","type":"product","link":"https:\/\/www.zracakoblacak.com\/sl\/shop\/bocice\/prijateljstvo\/imagination-against-reality\/","title":{"rendered":"Imagination against reality"},"content":{"rendered":"<h2>Poruka u boci \u2013 &#8222;Imagination is the only weapon in the war against reality&#8220;<\/h2>\n<h3>Material: steklo<\/h3>\n<h3>Dimenzije: 30 x 70 mm<\/h3>\n<h4>Samo malo \u010darolije, u va\u0161 \u017eivot mo\u017ee uneti mnogo radosti.<\/h4>\n<h4>Prepustite se ma\u0161ti, nabacite osmeh i hrabro se suprotstavite stvarnosti.<\/h4>\n<h4>&nbsp;<\/h4>\n<h4>&nbsp;<\/h4>\n<h4>&nbsp;<\/h4>\n<p>&nbsp;<\/p>","protected":false},"excerpt":{"rendered":"<h3>Razveselite sebe ali svoje najdra\u017eje na originalni na\u010din \u2013 s sporo\u010dilom v stekleni\u010dki!<\/h3>\n<h1>&#8222;Imagination is the only weapon in the war against reality&#8220; &#8211; The Cheshire Cat<\/h1>\n<h4>Samo malo \u010darolije, u va\u0161 \u017eivot mo\u017ee uneti mnogo radosti.<\/h4>\n<h4>Prepustite se ma\u0161ti, nabacite osmeh i hrabro se suprotstavite stvarnosti.<\/h4>","protected":false},"featured_media":3995,"comment_status":"open","ping_status":"closed","template":"","meta":{"ngg_post_thumbnail":0},"product_brand":[],"product_cat":[89,105,90,95],"product_tag":[],"class_list":{"0":"post-3993","1":"product","2":"type-product","3":"status-publish","4":"has-post-thumbnail","6":"product_cat-prijateljstvo","7":"product_cat-bocice","8":"product_cat-zabava","9":"product_cat-motivacija","11":"first","12":"instock","13":"shipping-taxable","14":"purchasable","15":"product-type-simple"},"jetpack_sharing_enabled":true,"_links":{"self":[{"href":"https:\/\/www.zracakoblacak.com\/sl\/wp-json\/wp\/v2\/product\/3993","targetHints":{"allow":["GET"]}}],"collection":[{"href":"https:\/\/www.zracakoblacak.com\/sl\/wp-json\/wp\/v2\/product"}],"about":[{"href":"https:\/\/www.zracakoblacak.com\/sl\/wp-json\/wp\/v2\/types\/product"}],"replies":[{"embeddable":true,"href":"https:\/\/www.zracakoblacak.com\/sl\/wp-json\/wp\/v2\/comments?post=3993"}],"wp:featuredmedia":[{"embeddable":true,"href":"https:\/\/www.zracakoblacak.com\/sl\/wp-json\/wp\/v2\/media\/3995"}],"wp:attachment":[{"href":"https:\/\/www.zracakoblacak.com\/sl\/wp-json\/wp\/v2\/media?parent=3993"}],"wp:term":[{"taxonomy":"product_brand","embeddable":true,"href":"https:\/\/www.zracakoblacak.com\/sl\/wp-json\/wp\/v2\/product_brand?post=3993"},{"taxonomy":"product_cat","embeddable":true,"href":"https:\/\/www.zracakoblacak.com\/sl\/wp-json\/wp\/v2\/product_cat?post=3993"},{"taxonomy":"product_tag","embeddable":true,"href":"https:\/\/www.zracakoblacak.com\/sl\/wp-json\/wp\/v2\/product_tag?post=3993"}],"curies":[{"name":"wp","href":"https:\/\/api.w.org\/{rel}","templated":true}]}}