{"id":4002,"date":"2020-10-17T20:42:54","date_gmt":"2020-10-17T20:42:54","guid":{"rendered":"https:\/\/www.zracakoblacak.com\/?post_type=product&#038;p=4002"},"modified":"2023-06-05T07:47:43","modified_gmt":"2023-06-05T07:47:43","slug":"what-is-inside-that-counts","status":"publish","type":"product","link":"https:\/\/www.zracakoblacak.com\/sl\/shop\/bocice\/prijateljstvo\/what-is-inside-that-counts\/","title":{"rendered":"What is inside that counts"},"content":{"rendered":"<h2>Poruka u boci &#8211; &#8222;<b>Like so many things<\/b>,&nbsp;<b>it is not what is outside<\/b>,&nbsp;<b>but what is inside that counts<\/b>.&#8220;<\/h2>\n<h3>Material: steklo<\/h3>\n<h3>Privezak: \u010darobna lampa<\/h3>\n<h3>Dimenzije: 30 x 70 mm<\/h3>\n<h4>Ljude treba da volimo zbog onoga \u0161to su. Svako sija na svoj, jedinstven na\u010din. Kada nekoga stvarno zavolite, vide\u0107ete i vole\u0107ete sve njegove &#8222;boje&#8220;.<\/h4>\n<p>&nbsp;<\/p>","protected":false},"excerpt":{"rendered":"<h3>Razveselite va\u0161e najdra\u017eje na originalni na\u010din \u2013 s sporo\u010dilom v stekleni\u010dki!<\/h3>\n<h1>&#8222;<b>Like so many things<\/b>,&nbsp;<b>it is not what is outside<\/b>,&nbsp;<b>but what is inside that counts<\/b>.&#8220; -Merchant<\/h1>\n<h3>Ljude treba da volimo zbog onoga \u0161to su. Svako sija na svoj, jedinstven na\u010din. Kada nekoga stvarno zavolite, vide\u0107ete i vole\u0107ete sve njegove &#8222;boje&#8220;.<\/h3>","protected":false},"featured_media":4005,"comment_status":"open","ping_status":"closed","template":"","meta":{"ngg_post_thumbnail":0},"product_brand":[],"product_cat":[89,105,95],"product_tag":[],"class_list":{"0":"post-4002","1":"product","2":"type-product","3":"status-publish","4":"has-post-thumbnail","6":"product_cat-prijateljstvo","7":"product_cat-bocice","8":"product_cat-motivacija","10":"first","11":"instock","12":"shipping-taxable","13":"purchasable","14":"product-type-simple"},"jetpack_sharing_enabled":true,"_links":{"self":[{"href":"https:\/\/www.zracakoblacak.com\/sl\/wp-json\/wp\/v2\/product\/4002","targetHints":{"allow":["GET"]}}],"collection":[{"href":"https:\/\/www.zracakoblacak.com\/sl\/wp-json\/wp\/v2\/product"}],"about":[{"href":"https:\/\/www.zracakoblacak.com\/sl\/wp-json\/wp\/v2\/types\/product"}],"replies":[{"embeddable":true,"href":"https:\/\/www.zracakoblacak.com\/sl\/wp-json\/wp\/v2\/comments?post=4002"}],"wp:featuredmedia":[{"embeddable":true,"href":"https:\/\/www.zracakoblacak.com\/sl\/wp-json\/wp\/v2\/media\/4005"}],"wp:attachment":[{"href":"https:\/\/www.zracakoblacak.com\/sl\/wp-json\/wp\/v2\/media?parent=4002"}],"wp:term":[{"taxonomy":"product_brand","embeddable":true,"href":"https:\/\/www.zracakoblacak.com\/sl\/wp-json\/wp\/v2\/product_brand?post=4002"},{"taxonomy":"product_cat","embeddable":true,"href":"https:\/\/www.zracakoblacak.com\/sl\/wp-json\/wp\/v2\/product_cat?post=4002"},{"taxonomy":"product_tag","embeddable":true,"href":"https:\/\/www.zracakoblacak.com\/sl\/wp-json\/wp\/v2\/product_tag?post=4002"}],"curies":[{"name":"wp","href":"https:\/\/api.w.org\/{rel}","templated":true}]}}