{"id":4006,"date":"2020-10-17T20:59:00","date_gmt":"2020-10-17T20:59:00","guid":{"rendered":"https:\/\/www.zracakoblacak.com\/?post_type=product&#038;p=4006"},"modified":"2023-06-05T07:47:53","modified_gmt":"2023-06-05T07:47:53","slug":"fairy-tales-can-come-true","status":"publish","type":"product","link":"https:\/\/www.zracakoblacak.com\/sl\/shop\/bocice\/ljubav\/fairy-tales-can-come-true\/","title":{"rendered":"Fairy tales can come true"},"content":{"rendered":"<h2>Poruka u boci \u2013 &#8222;Fairy tales can come true. You gotta make them happen. It all depends on you.&#8220;<\/h2>\n<h3>Material: steklo<\/h3>\n<h3>Privezak: mese\u010deva vila, 3 zvezdice<\/h3>\n<h3>Dimenzije: 30 x 70 mm<\/h3>\n<h4>Svaka ostvarena \u017eelja, san, daje smisao \u017eivotu i \u010dini ga lep\u0161im.<\/h4>\n<h4>\u017divite svoju bajku, \u010dak iako kratko traje. \u010carobni trenuci u srcu ostaju ve\u010dno.<\/h4>\n<h4>&nbsp;<\/h4>\n<p>&nbsp;<\/p>\n<p>&nbsp;<\/p>","protected":false},"excerpt":{"rendered":"<h3>Razveselite sebe ali svoje najdra\u017eje na originalni na\u010din \u2013 s sporo\u010dilom v stekleni\u010dki!<\/h3>\n<h1>&#8222;Fairy tales can come true. You gotta make them happen. It all depends on you.&#8220; &#8211;<\/h1>\n<h2>Tiana, Princess and the Frog<\/h2>\n<h4>\u017divite svoju bajku, \u010dak iako kratko traje. \u010carobni trenuci u srcu ostaju ve\u010dno.<\/h4>","protected":false},"featured_media":4007,"comment_status":"open","ping_status":"closed","template":"","meta":{"ngg_post_thumbnail":0},"product_brand":[],"product_cat":[88,105,89,91,95],"product_tag":[],"class_list":{"0":"post-4006","1":"product","2":"type-product","3":"status-publish","4":"has-post-thumbnail","6":"product_cat-ljubav","7":"product_cat-bocice","8":"product_cat-prijateljstvo","9":"product_cat-cestitke","10":"product_cat-motivacija","12":"first","13":"instock","14":"shipping-taxable","15":"purchasable","16":"product-type-simple"},"jetpack_sharing_enabled":true,"_links":{"self":[{"href":"https:\/\/www.zracakoblacak.com\/sl\/wp-json\/wp\/v2\/product\/4006","targetHints":{"allow":["GET"]}}],"collection":[{"href":"https:\/\/www.zracakoblacak.com\/sl\/wp-json\/wp\/v2\/product"}],"about":[{"href":"https:\/\/www.zracakoblacak.com\/sl\/wp-json\/wp\/v2\/types\/product"}],"replies":[{"embeddable":true,"href":"https:\/\/www.zracakoblacak.com\/sl\/wp-json\/wp\/v2\/comments?post=4006"}],"wp:featuredmedia":[{"embeddable":true,"href":"https:\/\/www.zracakoblacak.com\/sl\/wp-json\/wp\/v2\/media\/4007"}],"wp:attachment":[{"href":"https:\/\/www.zracakoblacak.com\/sl\/wp-json\/wp\/v2\/media?parent=4006"}],"wp:term":[{"taxonomy":"product_brand","embeddable":true,"href":"https:\/\/www.zracakoblacak.com\/sl\/wp-json\/wp\/v2\/product_brand?post=4006"},{"taxonomy":"product_cat","embeddable":true,"href":"https:\/\/www.zracakoblacak.com\/sl\/wp-json\/wp\/v2\/product_cat?post=4006"},{"taxonomy":"product_tag","embeddable":true,"href":"https:\/\/www.zracakoblacak.com\/sl\/wp-json\/wp\/v2\/product_tag?post=4006"}],"curies":[{"name":"wp","href":"https:\/\/api.w.org\/{rel}","templated":true}]}}