{"id":4034,"date":"2020-10-29T13:07:29","date_gmt":"2020-10-29T13:07:29","guid":{"rendered":"https:\/\/www.zracakoblacak.com\/?post_type=product&#038;p=4034"},"modified":"2023-06-05T07:48:24","modified_gmt":"2023-06-05T07:48:24","slug":"star-in-someones-sky","status":"publish","type":"product","link":"https:\/\/www.zracakoblacak.com\/sl\/shop\/bocice\/ljubav\/star-in-someones-sky\/","title":{"rendered":"You&#8217;re a star in someone&#8217;s sky"},"content":{"rendered":"<h2>Poruka u boci \u2013 &#8222;You&#8217;re a star in someone&#8217;s sky&#8220;<\/h2>\n<h3>Material: steklo<\/h3>\n<h3>Privezak: 3 zvezdice<\/h3>\n<h3>Dimenzije: 30 x 70 mm<\/h3>\n<h4>Nebo je prazno platno, ba\u0161 kao i na\u0161a nedotaknuta srca. Da bi izgledalo magi\u010dno, predivno, posebno, potrebne su mu zvezde. Kada je vreme jasno, \u010desto ume da nas ostavi bez daha i neretko pogled na te \u010darobne daljine zadr\u017eavamo dugo.<\/h4>\n<h4>Biti ne\u010dija zvezda u \u017eivotu, na platnu srca, je velika stvar. Kao \u0161to ne mo\u017eete zamisliti nebo bez zvezda, tako ne mo\u017eete zamisliti ni svoj \u017eivot bez va\u0161e voljene osobe.<\/h4>","protected":false},"excerpt":{"rendered":"<h3>Razveselite va\u0161e najdra\u017eje na originalni na\u010din \u2013 s sporo\u010dilom v stekleni\u010dki!<\/h3>\n<h1>&#8222;You&#8217;re a star in someone&#8217;s sky&#8220;<\/h1>\n<h3>Nebo je prazno platno, ba\u0161 kao i na\u0161a nedotaknuta srca. Da bi izgledalo magi\u010dno, predivno, posebno, potrebne su mu zvezde. Kada je vreme jasno, \u010desto ume da nas ostavi bez daha i neretko pogled na te \u010darobne daljine zadr\u017eavamo dugo.<\/h3>\n<h3>Biti ne\u010dija zvezda u \u017eivotu, na platnu srca, je velika stvar. Kao \u0161to ne mo\u017eete zamisliti nebo bez zvezda, tako ne mo\u017eete zamisliti ni svoj \u017eivot bez va\u0161e voljene osobe.<\/h3>","protected":false},"featured_media":4035,"comment_status":"open","ping_status":"closed","template":"","meta":{"ngg_post_thumbnail":0},"product_brand":[],"product_cat":[88,105,89,94,95],"product_tag":[],"class_list":{"0":"post-4034","1":"product","2":"type-product","3":"status-publish","4":"has-post-thumbnail","6":"product_cat-ljubav","7":"product_cat-bocice","8":"product_cat-prijateljstvo","9":"product_cat-porodica","10":"product_cat-motivacija","12":"first","13":"instock","14":"shipping-taxable","15":"purchasable","16":"product-type-simple"},"jetpack_sharing_enabled":true,"_links":{"self":[{"href":"https:\/\/www.zracakoblacak.com\/sl\/wp-json\/wp\/v2\/product\/4034","targetHints":{"allow":["GET"]}}],"collection":[{"href":"https:\/\/www.zracakoblacak.com\/sl\/wp-json\/wp\/v2\/product"}],"about":[{"href":"https:\/\/www.zracakoblacak.com\/sl\/wp-json\/wp\/v2\/types\/product"}],"replies":[{"embeddable":true,"href":"https:\/\/www.zracakoblacak.com\/sl\/wp-json\/wp\/v2\/comments?post=4034"}],"wp:featuredmedia":[{"embeddable":true,"href":"https:\/\/www.zracakoblacak.com\/sl\/wp-json\/wp\/v2\/media\/4035"}],"wp:attachment":[{"href":"https:\/\/www.zracakoblacak.com\/sl\/wp-json\/wp\/v2\/media?parent=4034"}],"wp:term":[{"taxonomy":"product_brand","embeddable":true,"href":"https:\/\/www.zracakoblacak.com\/sl\/wp-json\/wp\/v2\/product_brand?post=4034"},{"taxonomy":"product_cat","embeddable":true,"href":"https:\/\/www.zracakoblacak.com\/sl\/wp-json\/wp\/v2\/product_cat?post=4034"},{"taxonomy":"product_tag","embeddable":true,"href":"https:\/\/www.zracakoblacak.com\/sl\/wp-json\/wp\/v2\/product_tag?post=4034"}],"curies":[{"name":"wp","href":"https:\/\/api.w.org\/{rel}","templated":true}]}}