{"id":4043,"date":"2020-10-29T13:39:09","date_gmt":"2020-10-29T13:39:09","guid":{"rendered":"https:\/\/www.zracakoblacak.com\/?post_type=product&#038;p=4043"},"modified":"2023-06-05T07:49:12","modified_gmt":"2023-06-05T07:49:12","slug":"nuts-about-you","status":"publish","type":"product","link":"https:\/\/www.zracakoblacak.com\/sl\/shop\/bocice\/ljubav\/nuts-about-you\/","title":{"rendered":"I&#8217;m nuts about you"},"content":{"rendered":"<h2>Poruka u boci \u2013 &#8222;I&#8217;m nuts about you&#8220;<\/h2>\n<h3>Material: steklo<\/h3>\n<h3>Privezak: love<\/h3>\n<h3>Dimenzije: 30 x 70 mm<\/h3>\n<h3>Ludo voleti i biti ludo voljen su najlep\u0161a ose\u0107anja. Prepustite se i u\u017eivajte u ludoj ljubavi.<\/h3>\n<h3>Simpati\u010dna poruka za sve zaljubljene.<\/h3>","protected":false},"excerpt":{"rendered":"<h3>Razveselite va\u0161e najdra\u017eje na originalni na\u010din \u2013 s sporo\u010dilom v stekleni\u010dki!<\/h3>\n<h1>&#8222;I&#8217;m nuts about you&#8220;<\/h1>\n<h3>Ludo voleti i biti ludo voljen su najlep\u0161a ose\u0107anja. Prepustite se i u\u017eivajte u ludoj ljubavi.<\/h3>\n<h3>Simpati\u010dna poruka za sve zaljubljene.<\/h3>","protected":false},"featured_media":4044,"comment_status":"open","ping_status":"closed","template":"","meta":{"ngg_post_thumbnail":0},"product_brand":[],"product_cat":[88,105],"product_tag":[],"class_list":{"0":"post-4043","1":"product","2":"type-product","3":"status-publish","4":"has-post-thumbnail","6":"product_cat-ljubav","7":"product_cat-bocice","9":"first","10":"instock","11":"shipping-taxable","12":"purchasable","13":"product-type-simple"},"jetpack_sharing_enabled":true,"_links":{"self":[{"href":"https:\/\/www.zracakoblacak.com\/sl\/wp-json\/wp\/v2\/product\/4043","targetHints":{"allow":["GET"]}}],"collection":[{"href":"https:\/\/www.zracakoblacak.com\/sl\/wp-json\/wp\/v2\/product"}],"about":[{"href":"https:\/\/www.zracakoblacak.com\/sl\/wp-json\/wp\/v2\/types\/product"}],"replies":[{"embeddable":true,"href":"https:\/\/www.zracakoblacak.com\/sl\/wp-json\/wp\/v2\/comments?post=4043"}],"wp:featuredmedia":[{"embeddable":true,"href":"https:\/\/www.zracakoblacak.com\/sl\/wp-json\/wp\/v2\/media\/4044"}],"wp:attachment":[{"href":"https:\/\/www.zracakoblacak.com\/sl\/wp-json\/wp\/v2\/media?parent=4043"}],"wp:term":[{"taxonomy":"product_brand","embeddable":true,"href":"https:\/\/www.zracakoblacak.com\/sl\/wp-json\/wp\/v2\/product_brand?post=4043"},{"taxonomy":"product_cat","embeddable":true,"href":"https:\/\/www.zracakoblacak.com\/sl\/wp-json\/wp\/v2\/product_cat?post=4043"},{"taxonomy":"product_tag","embeddable":true,"href":"https:\/\/www.zracakoblacak.com\/sl\/wp-json\/wp\/v2\/product_tag?post=4043"}],"curies":[{"name":"wp","href":"https:\/\/api.w.org\/{rel}","templated":true}]}}