{"id":4123,"date":"2020-11-16T18:21:42","date_gmt":"2020-11-16T18:21:42","guid":{"rendered":"https:\/\/www.zracakoblacak.com\/?post_type=product&#038;p=4123"},"modified":"2023-06-05T07:50:34","modified_gmt":"2023-06-05T07:50:34","slug":"magic-is-all-around","status":"publish","type":"product","link":"https:\/\/www.zracakoblacak.com\/sl\/shop\/bocice\/motivacija\/magic-is-all-around\/","title":{"rendered":"Magic is all around"},"content":{"rendered":"<h2>Poruka u boci \u2013 &#8222;Magic is all around, you just have to believe&#8220;<\/h2>\n<h3>Material: steklo<\/h3>\n<h3>Privezak: \u010darobni \u0161tapi\u0107<\/h3>\n<h3>Dimenzije: 30 x 70 mm<\/h3>\n<h3>Verujte u magiju, samo tako \u0107ete videti sve njene mo\u0107i.<\/h3>","protected":false},"excerpt":{"rendered":"<h3>Razveselite sebe ali svoje najdra\u017eje na originalni na\u010din \u2013 s sporo\u010dilom v stekleni\u010dki!<\/h3>\n<h1>&#8222;Magic is all around, you just have to believe&#8220;<\/h1>\n<h3>&#8222;Budite zra\u010dak nekom obla\u010dku&#8220; \ud83d\ude42<\/h3>\n<h3>Verujte u magiju, samo tako \u0107ete videti sve njene mo\u0107i.<\/h3>","protected":false},"featured_media":4124,"comment_status":"open","ping_status":"closed","template":"","meta":{"ngg_post_thumbnail":0},"product_brand":[],"product_cat":[95,105,89],"product_tag":[],"class_list":{"0":"post-4123","1":"product","2":"type-product","3":"status-publish","4":"has-post-thumbnail","6":"product_cat-motivacija","7":"product_cat-bocice","8":"product_cat-prijateljstvo","10":"first","11":"instock","12":"shipping-taxable","13":"purchasable","14":"product-type-simple"},"jetpack_sharing_enabled":true,"_links":{"self":[{"href":"https:\/\/www.zracakoblacak.com\/sl\/wp-json\/wp\/v2\/product\/4123","targetHints":{"allow":["GET"]}}],"collection":[{"href":"https:\/\/www.zracakoblacak.com\/sl\/wp-json\/wp\/v2\/product"}],"about":[{"href":"https:\/\/www.zracakoblacak.com\/sl\/wp-json\/wp\/v2\/types\/product"}],"replies":[{"embeddable":true,"href":"https:\/\/www.zracakoblacak.com\/sl\/wp-json\/wp\/v2\/comments?post=4123"}],"wp:featuredmedia":[{"embeddable":true,"href":"https:\/\/www.zracakoblacak.com\/sl\/wp-json\/wp\/v2\/media\/4124"}],"wp:attachment":[{"href":"https:\/\/www.zracakoblacak.com\/sl\/wp-json\/wp\/v2\/media?parent=4123"}],"wp:term":[{"taxonomy":"product_brand","embeddable":true,"href":"https:\/\/www.zracakoblacak.com\/sl\/wp-json\/wp\/v2\/product_brand?post=4123"},{"taxonomy":"product_cat","embeddable":true,"href":"https:\/\/www.zracakoblacak.com\/sl\/wp-json\/wp\/v2\/product_cat?post=4123"},{"taxonomy":"product_tag","embeddable":true,"href":"https:\/\/www.zracakoblacak.com\/sl\/wp-json\/wp\/v2\/product_tag?post=4123"}],"curies":[{"name":"wp","href":"https:\/\/api.w.org\/{rel}","templated":true}]}}