{"id":4127,"date":"2020-11-20T13:09:57","date_gmt":"2020-11-20T13:09:57","guid":{"rendered":"https:\/\/www.zracakoblacak.com\/?post_type=product&#038;p=4127"},"modified":"2023-06-05T07:50:55","modified_gmt":"2023-06-05T07:50:55","slug":"owl-you-need-is-love","status":"publish","type":"product","link":"https:\/\/www.zracakoblacak.com\/sl\/shop\/bocice\/ljubav\/owl-you-need-is-love\/","title":{"rendered":"Owl you need is love"},"content":{"rendered":"<h2>Poruka u boci \u2013 &#8222;Owl you need is love&#8220;<\/h2>\n<h3>Material: steklo<\/h3>\n<h3>Privezak: sova<\/h3>\n<h3>Dimenzije: 30 x 70 mm<\/h3>\n<h3>&#8222;Budite zra\u010dak nekom obla\u010dku&#8220; ?<\/h3>\n<h3>Zabavna sporo\u010dilca, naj va\u0161im dragim ljudem na obraz nari\u0161ejo nasmeh.<\/h3>","protected":false},"excerpt":{"rendered":"<h3>Razveselite va\u0161e najdra\u017eje na originalni na\u010din \u2013 s sporo\u010dilom v stekleni\u010dki!<\/h3>\n<h1>&#8222;Owl you need is love&#8220;<\/h1>\n<h3>&#8222;Budite zra\u010dak nekom obla\u010dku&#8220; ?<\/h3>\n<h3>Zabavna sporo\u010dilca, naj va\u0161im dragim ljudem na obraz nari\u0161ejo nasmeh.<\/h3>","protected":false},"featured_media":4129,"comment_status":"open","ping_status":"closed","template":"","meta":{"ngg_post_thumbnail":0},"product_brand":[],"product_cat":[88,105,89,94,91,90,95],"product_tag":[],"class_list":{"0":"post-4127","1":"product","2":"type-product","3":"status-publish","4":"has-post-thumbnail","6":"product_cat-ljubav","7":"product_cat-bocice","8":"product_cat-prijateljstvo","9":"product_cat-porodica","10":"product_cat-cestitke","11":"product_cat-zabava","12":"product_cat-motivacija","14":"first","15":"instock","16":"shipping-taxable","17":"purchasable","18":"product-type-simple"},"jetpack_sharing_enabled":true,"_links":{"self":[{"href":"https:\/\/www.zracakoblacak.com\/sl\/wp-json\/wp\/v2\/product\/4127","targetHints":{"allow":["GET"]}}],"collection":[{"href":"https:\/\/www.zracakoblacak.com\/sl\/wp-json\/wp\/v2\/product"}],"about":[{"href":"https:\/\/www.zracakoblacak.com\/sl\/wp-json\/wp\/v2\/types\/product"}],"replies":[{"embeddable":true,"href":"https:\/\/www.zracakoblacak.com\/sl\/wp-json\/wp\/v2\/comments?post=4127"}],"wp:featuredmedia":[{"embeddable":true,"href":"https:\/\/www.zracakoblacak.com\/sl\/wp-json\/wp\/v2\/media\/4129"}],"wp:attachment":[{"href":"https:\/\/www.zracakoblacak.com\/sl\/wp-json\/wp\/v2\/media?parent=4127"}],"wp:term":[{"taxonomy":"product_brand","embeddable":true,"href":"https:\/\/www.zracakoblacak.com\/sl\/wp-json\/wp\/v2\/product_brand?post=4127"},{"taxonomy":"product_cat","embeddable":true,"href":"https:\/\/www.zracakoblacak.com\/sl\/wp-json\/wp\/v2\/product_cat?post=4127"},{"taxonomy":"product_tag","embeddable":true,"href":"https:\/\/www.zracakoblacak.com\/sl\/wp-json\/wp\/v2\/product_tag?post=4127"}],"curies":[{"name":"wp","href":"https:\/\/api.w.org\/{rel}","templated":true}]}}