{"id":4130,"date":"2020-11-20T13:45:16","date_gmt":"2020-11-20T13:45:16","guid":{"rendered":"https:\/\/www.zracakoblacak.com\/?post_type=product&#038;p=4130"},"modified":"2023-06-05T07:51:09","modified_gmt":"2023-06-05T07:51:09","slug":"kosmicka-ljubav","status":"publish","type":"product","link":"https:\/\/www.zracakoblacak.com\/sl\/shop\/bocice\/ljubav\/kosmicka-ljubav\/","title":{"rendered":"Kosmi\u010dka ljubav"},"content":{"rendered":"<h2>Poruka u boci \u2013 &#8222;Kosmi\u010dka ljubav&#8220;<\/h2>\n<h3>Material: steklo<\/h3>\n<h3>Dimenzije: 30 x 70 mm<\/h3>\n<h3>Uz pravu poruku, ova bo\u010dica ne mo\u017ee nikoga ostaviti ravnodu\u0161nim.<\/h3>\n<h3>Neke od ideja za poruke uz univerzum u bo\u010dici.<\/h3>\n<p>&#8222;Ti si moj centar univerzuma.&#8220;<\/p>\n<p>&#8222;Svesti \u010ditav svemir samo u jednu osobu &#8211; to je ljubav.&#8220;<\/p>\n<p>&#8222;Ponekad zaboravim da se svet okre\u0107e oko sunca, a ne oko tebe.&#8220;<\/p>\n<p>&#8222;I love you because the entire universe conspired to help me find you.&#8220;<\/p>\n<p>&#8222;One big universe and I had the privilege to meet you.&#8220;<\/p>\n<p>&#8222;My love for you is bigger than the universe.&#8220;<\/p>\n<p>&#8222;You are my universe.&#8220;<\/p>\n<p>&#8222;Shine like the whole universe is yours.&#8220;<\/p>","protected":false},"excerpt":{"rendered":"<h3>Razveselite va\u0161e najdra\u017eje na originalni na\u010din \u2013 s sporo\u010dilom v stekleni\u010dki!<\/h3>\n<h1>&#8222;Kosmi\u010dka ljubav&#8220;<\/h1>\n<h3>Uz pravu poruku, ova bo\u010dica nikoga ne mo\u017ee ostaviti ravnodu\u0161nim.&nbsp;<\/h3>\n<p><a href=\"https:\/\/youtu.be\/RMc98Ff-eWk\" target=\"_blank\" rel=\"noopener noreferrer\">https:\/\/youtu.be\/RMc98Ff-eWk<\/a><\/p>\n<p>&nbsp;<\/p>\n<p>&nbsp;<\/p>","protected":false},"featured_media":4131,"comment_status":"open","ping_status":"closed","template":"","meta":{"ngg_post_thumbnail":0},"product_brand":[],"product_cat":[88,105,89,94,91,95],"product_tag":[],"class_list":{"0":"post-4130","1":"product","2":"type-product","3":"status-publish","4":"has-post-thumbnail","6":"product_cat-ljubav","7":"product_cat-bocice","8":"product_cat-prijateljstvo","9":"product_cat-porodica","10":"product_cat-cestitke","11":"product_cat-motivacija","13":"first","14":"instock","15":"shipping-taxable","16":"purchasable","17":"product-type-simple"},"jetpack_sharing_enabled":true,"_links":{"self":[{"href":"https:\/\/www.zracakoblacak.com\/sl\/wp-json\/wp\/v2\/product\/4130","targetHints":{"allow":["GET"]}}],"collection":[{"href":"https:\/\/www.zracakoblacak.com\/sl\/wp-json\/wp\/v2\/product"}],"about":[{"href":"https:\/\/www.zracakoblacak.com\/sl\/wp-json\/wp\/v2\/types\/product"}],"replies":[{"embeddable":true,"href":"https:\/\/www.zracakoblacak.com\/sl\/wp-json\/wp\/v2\/comments?post=4130"}],"wp:featuredmedia":[{"embeddable":true,"href":"https:\/\/www.zracakoblacak.com\/sl\/wp-json\/wp\/v2\/media\/4131"}],"wp:attachment":[{"href":"https:\/\/www.zracakoblacak.com\/sl\/wp-json\/wp\/v2\/media?parent=4130"}],"wp:term":[{"taxonomy":"product_brand","embeddable":true,"href":"https:\/\/www.zracakoblacak.com\/sl\/wp-json\/wp\/v2\/product_brand?post=4130"},{"taxonomy":"product_cat","embeddable":true,"href":"https:\/\/www.zracakoblacak.com\/sl\/wp-json\/wp\/v2\/product_cat?post=4130"},{"taxonomy":"product_tag","embeddable":true,"href":"https:\/\/www.zracakoblacak.com\/sl\/wp-json\/wp\/v2\/product_tag?post=4130"}],"curies":[{"name":"wp","href":"https:\/\/api.w.org\/{rel}","templated":true}]}}