{"id":4136,"date":"2020-11-16T18:49:54","date_gmt":"2020-11-16T18:49:54","guid":{"rendered":"https:\/\/www.zracakoblacak.com\/?post_type=product&#038;p=4136"},"modified":"2023-06-05T07:50:44","modified_gmt":"2023-06-05T07:50:44","slug":"in-wine-years","status":"publish","type":"product","link":"https:\/\/www.zracakoblacak.com\/sl\/shop\/bocice\/cestitke\/in-wine-years\/","title":{"rendered":"In wine years&#8230;"},"content":{"rendered":"<h2>Poruka u boci \u2013 &#8222;In wine years you are extra fine&#8220;<\/h2>\n<h3>Material: steklo<\/h3>\n<h3>Dimenzije: 30 x 70 mm<\/h3>\n<h4>\u010ce \u017eelite, da je va\u0161a rojstnodnevna vo\u0161\u010dilnica druga\u010dna in da ne ostane neopa\u017eena v morju klasi\u010dnih vo\u0161\u010dilnic, je sporo\u010dilo v stekleni\u010dki prava izbira za vas.<\/h4>","protected":false},"excerpt":{"rendered":"<h3>Razveselite va\u0161e najdra\u017eje na originalni na\u010din \u2013 s sporo\u010dilom v stekleni\u010dki!<\/h3>\n<h1>&#8222;In wine years you are extra fine&#8220;<\/h1>\n<h3>\u010ce \u017eelite, da je va\u0161a rojstnodnevna vo\u0161\u010dilnica druga\u010dna in da ne ostane neopa\u017eena v morju klasi\u010dnih vo\u0161\u010dilnic, je sporo\u010dilo v stekleni\u010dki prava izbira za vas.<\/h3>","protected":false},"featured_media":4137,"comment_status":"open","ping_status":"closed","template":"","meta":{"ngg_post_thumbnail":0},"product_brand":[],"product_cat":[91,105,90],"product_tag":[],"class_list":{"0":"post-4136","1":"product","2":"type-product","3":"status-publish","4":"has-post-thumbnail","6":"product_cat-cestitke","7":"product_cat-bocice","8":"product_cat-zabava","10":"first","11":"instock","12":"shipping-taxable","13":"purchasable","14":"product-type-simple"},"jetpack_sharing_enabled":true,"_links":{"self":[{"href":"https:\/\/www.zracakoblacak.com\/sl\/wp-json\/wp\/v2\/product\/4136","targetHints":{"allow":["GET"]}}],"collection":[{"href":"https:\/\/www.zracakoblacak.com\/sl\/wp-json\/wp\/v2\/product"}],"about":[{"href":"https:\/\/www.zracakoblacak.com\/sl\/wp-json\/wp\/v2\/types\/product"}],"replies":[{"embeddable":true,"href":"https:\/\/www.zracakoblacak.com\/sl\/wp-json\/wp\/v2\/comments?post=4136"}],"wp:featuredmedia":[{"embeddable":true,"href":"https:\/\/www.zracakoblacak.com\/sl\/wp-json\/wp\/v2\/media\/4137"}],"wp:attachment":[{"href":"https:\/\/www.zracakoblacak.com\/sl\/wp-json\/wp\/v2\/media?parent=4136"}],"wp:term":[{"taxonomy":"product_brand","embeddable":true,"href":"https:\/\/www.zracakoblacak.com\/sl\/wp-json\/wp\/v2\/product_brand?post=4136"},{"taxonomy":"product_cat","embeddable":true,"href":"https:\/\/www.zracakoblacak.com\/sl\/wp-json\/wp\/v2\/product_cat?post=4136"},{"taxonomy":"product_tag","embeddable":true,"href":"https:\/\/www.zracakoblacak.com\/sl\/wp-json\/wp\/v2\/product_tag?post=4136"}],"curies":[{"name":"wp","href":"https:\/\/api.w.org\/{rel}","templated":true}]}}