{"id":4143,"date":"2020-11-26T23:28:49","date_gmt":"2020-11-26T23:28:49","guid":{"rendered":"https:\/\/www.zracakoblacak.com\/?post_type=product&#038;p=4143"},"modified":"2023-06-05T07:51:24","modified_gmt":"2023-06-05T07:51:24","slug":"make-your-dreams-happen","status":"publish","type":"product","link":"https:\/\/www.zracakoblacak.com\/sl\/shop\/bocice\/cestitke\/make-your-dreams-happen\/","title":{"rendered":"Make your dreams happen"},"content":{"rendered":"<h2>Poruka u boci \u2013 &#8222;Make your dreams happen&#8220;<\/h2>\n<h3>Material: steklo<\/h3>\n<h3>Dimenzije: 30 x 70 mm<\/h3>\n<h4>\u010cestitajte ro\u0111endan dragoj osobi na malo druga\u010diji na\u010din.<\/h4>\n<h4>Bo\u010dica prepuna simbola sre\u0107e nikoga ne\u0107e ostaviti ravnodu\u0161nim. A jednorog, magi\u010dno bi\u0107e, predstavlja mo\u0107, slobodu, nadu, isceljenje.<\/h4>\n<h4>&nbsp;<\/h4>\n<h4>&nbsp;<\/h4>","protected":false},"excerpt":{"rendered":"<h3>Razveselite va\u0161e najdra\u017eje na originalni na\u010din \u2013 s sporo\u010dilom v stekleni\u010dki!<\/h3>\n<h1>&#8222;Make your dreams happen&#8220;<\/h1>\n<h4>\u010cestitajte ro\u0111endan dragoj osobi na malo druga\u010diji na\u010din.<\/h4>\n<h4>Bo\u010dica prepuna simbola sre\u0107e nikoga ne\u0107e ostaviti ravnodu\u0161nim. A jednorog, magi\u010dno bi\u0107e, predstavlja mo\u0107, slobodu, nadu, isceljenje.<\/h4>\n<p><a href=\"https:\/\/youtu.be\/v7v8TONXzkw\" target=\"_blank\" rel=\"noopener noreferrer\">https:\/\/youtu.be\/v7v8TONXzkw<\/a><\/p>","protected":false},"featured_media":4146,"comment_status":"open","ping_status":"closed","template":"","meta":{"ngg_post_thumbnail":0},"product_brand":[],"product_cat":[91,105,88,89,94,95],"product_tag":[],"class_list":{"0":"post-4143","1":"product","2":"type-product","3":"status-publish","4":"has-post-thumbnail","6":"product_cat-cestitke","7":"product_cat-bocice","8":"product_cat-ljubav","9":"product_cat-prijateljstvo","10":"product_cat-porodica","11":"product_cat-motivacija","13":"first","14":"instock","15":"shipping-taxable","16":"purchasable","17":"product-type-simple"},"jetpack_sharing_enabled":true,"_links":{"self":[{"href":"https:\/\/www.zracakoblacak.com\/sl\/wp-json\/wp\/v2\/product\/4143","targetHints":{"allow":["GET"]}}],"collection":[{"href":"https:\/\/www.zracakoblacak.com\/sl\/wp-json\/wp\/v2\/product"}],"about":[{"href":"https:\/\/www.zracakoblacak.com\/sl\/wp-json\/wp\/v2\/types\/product"}],"replies":[{"embeddable":true,"href":"https:\/\/www.zracakoblacak.com\/sl\/wp-json\/wp\/v2\/comments?post=4143"}],"wp:featuredmedia":[{"embeddable":true,"href":"https:\/\/www.zracakoblacak.com\/sl\/wp-json\/wp\/v2\/media\/4146"}],"wp:attachment":[{"href":"https:\/\/www.zracakoblacak.com\/sl\/wp-json\/wp\/v2\/media?parent=4143"}],"wp:term":[{"taxonomy":"product_brand","embeddable":true,"href":"https:\/\/www.zracakoblacak.com\/sl\/wp-json\/wp\/v2\/product_brand?post=4143"},{"taxonomy":"product_cat","embeddable":true,"href":"https:\/\/www.zracakoblacak.com\/sl\/wp-json\/wp\/v2\/product_cat?post=4143"},{"taxonomy":"product_tag","embeddable":true,"href":"https:\/\/www.zracakoblacak.com\/sl\/wp-json\/wp\/v2\/product_tag?post=4143"}],"curies":[{"name":"wp","href":"https:\/\/api.w.org\/{rel}","templated":true}]}}