{"id":4160,"date":"2020-12-01T11:39:52","date_gmt":"2020-12-01T11:39:52","guid":{"rendered":"https:\/\/www.zracakoblacak.com\/?post_type=product&#038;p=4160"},"modified":"2023-06-05T07:51:34","modified_gmt":"2023-06-05T07:51:34","slug":"guardian-angel","status":"publish","type":"product","link":"https:\/\/www.zracakoblacak.com\/sl\/shop\/bocice\/ljubav\/guardian-angel\/","title":{"rendered":"Guardian angel"},"content":{"rendered":"<h2>Poruka u boci \u2013 &#8222;Not all angels reside in Heaven. Some walk the Earth.&#8220;<\/h2>\n<h3>Material: steklo<\/h3>\n<h3>Dimenzije: 30 x 70 mm<\/h3>\n<h4>Na andjeoskim krilima, vera, nada, ljubav i sre\u0107a, sti\u017eu do nas.<\/h4>\n<h4>&#8222;Nismo sami. Svet se preobra\u017eava i mi smo deo tog preobra\u017eaja. An\u0111eli nas vode i \u0161tite. Uprkos svim nepravdama, uprkos stvarima koje nismo zaslu\u017eili a de\u0161avaju nam se, uprkos tome \u0161to se ose\u0107amo nemo\u0107nima da promenimo ono \u0161to ne valja u nama i u svetu, uprkos svim briljantnim argumentima Velikog Inkvizitora &#8211; Ljubav je jo\u0161 uvek ja\u010da i pomo\u0107i \u0107e nam da rastemo i da se razvijamo. I samo tada \u0107emo mo\u0107i da shvatimo zvezde, an\u0111ele i \u010duda.&#8220; &#8211; Paulo Koeljo<\/h4>\n<p>&nbsp;<\/p>\n<h4>&nbsp;<\/h4>","protected":false},"excerpt":{"rendered":"<h3>Razveselite va\u0161e najdra\u017eje na originalni na\u010din \u2013 s sporo\u010dilom v stekleni\u010dki!<\/h3>\n<h1>&#8222;Not all angels reside in Heaven. Some walk the Earth.&#8220;<\/h1>\n<h4>Na an\u0111eoskim krilima, vera, nada, ljubav i sre\u0107a, sti\u017eu do nas.<\/h4>\n<h4>\u010covek u kome je du\u0161a an\u0111ela je onaj koji iskreno i duboko voli.<\/h4>\n<p><a href=\"https:\/\/youtu.be\/di0ozBDyz_Y\" target=\"_blank\" rel=\"noopener noreferrer\">https:\/\/youtu.be\/di0ozBDyz_Y<\/a><\/p>\n<p>&nbsp;<\/p>","protected":false},"featured_media":4161,"comment_status":"open","ping_status":"closed","template":"","meta":{"ngg_post_thumbnail":0},"product_brand":[],"product_cat":[88,105,89,94,98,91,95],"product_tag":[],"class_list":{"0":"post-4160","1":"product","2":"type-product","3":"status-publish","4":"has-post-thumbnail","6":"product_cat-ljubav","7":"product_cat-bocice","8":"product_cat-prijateljstvo","9":"product_cat-porodica","10":"product_cat-novogidisnje","11":"product_cat-cestitke","12":"product_cat-motivacija","14":"first","15":"instock","16":"shipping-taxable","17":"purchasable","18":"product-type-simple"},"jetpack_sharing_enabled":true,"_links":{"self":[{"href":"https:\/\/www.zracakoblacak.com\/sl\/wp-json\/wp\/v2\/product\/4160","targetHints":{"allow":["GET"]}}],"collection":[{"href":"https:\/\/www.zracakoblacak.com\/sl\/wp-json\/wp\/v2\/product"}],"about":[{"href":"https:\/\/www.zracakoblacak.com\/sl\/wp-json\/wp\/v2\/types\/product"}],"replies":[{"embeddable":true,"href":"https:\/\/www.zracakoblacak.com\/sl\/wp-json\/wp\/v2\/comments?post=4160"}],"wp:featuredmedia":[{"embeddable":true,"href":"https:\/\/www.zracakoblacak.com\/sl\/wp-json\/wp\/v2\/media\/4161"}],"wp:attachment":[{"href":"https:\/\/www.zracakoblacak.com\/sl\/wp-json\/wp\/v2\/media?parent=4160"}],"wp:term":[{"taxonomy":"product_brand","embeddable":true,"href":"https:\/\/www.zracakoblacak.com\/sl\/wp-json\/wp\/v2\/product_brand?post=4160"},{"taxonomy":"product_cat","embeddable":true,"href":"https:\/\/www.zracakoblacak.com\/sl\/wp-json\/wp\/v2\/product_cat?post=4160"},{"taxonomy":"product_tag","embeddable":true,"href":"https:\/\/www.zracakoblacak.com\/sl\/wp-json\/wp\/v2\/product_tag?post=4160"}],"curies":[{"name":"wp","href":"https:\/\/api.w.org\/{rel}","templated":true}]}}