{"id":4298,"date":"2020-12-27T22:31:36","date_gmt":"2020-12-27T22:31:36","guid":{"rendered":"https:\/\/www.zracakoblacak.com\/?post_type=product&#038;p=4298"},"modified":"2023-06-05T07:53:07","modified_gmt":"2023-06-05T07:53:07","slug":"sunflower","status":"publish","type":"product","link":"https:\/\/www.zracakoblacak.com\/sl\/shop\/bocice\/ljubav\/sunflower\/","title":{"rendered":"Sunflower"},"content":{"rendered":"<h2>Poruka u boci &#8211; &#8222;Turn your face to the sun, and shadows follow behind you&#8220;<\/h2>\n<h3>Material: steklo<\/h3>\n<h3>Dimenzije: 20 x 75 mm<\/h3>\n<h4>Majhna pozornost vsakomur pa\u0161e in lahko polep\u0161a \u0161e tako navaden dan.<\/h4>\n<h4>Suncokret simboli\u0161e snagu, ponos, divljenje i obo\u017eavanje.<\/h4>\n<h4>Poklanjaju\u0107i ga, poru\u010dujete voljenoj osobi da je centar va\u0161eg sveta.<\/h4>\n<p>&nbsp;<\/p>","protected":false},"excerpt":{"rendered":"<h3>Razveselite sebe ali svoje najdra\u017eje na originalni na\u010din \u2013 s sporo\u010dilom v stekleni\u010dki!<\/h3>\n<h1>&#8222;Turn your face to the sun, and shadows follow behind you&#8220; &#8211; Maori Proverb<\/h1>\n<h3>Suncokret simboli\u0161e snagu, ponos, divljenje i obo\u017eavanje.<\/h3>\n<h3>Poklanjaju\u0107i ga, poru\u010dujete voljenoj osobi da je centar va\u0161eg sveta.<\/h3>\n<p>&nbsp;<\/p>\n<p>&nbsp;<\/p>","protected":false},"featured_media":4299,"comment_status":"open","ping_status":"closed","template":"","meta":{"ngg_post_thumbnail":0},"product_brand":[],"product_cat":[88,105,89,94,91,95],"product_tag":[],"class_list":{"0":"post-4298","1":"product","2":"type-product","3":"status-publish","4":"has-post-thumbnail","6":"product_cat-ljubav","7":"product_cat-bocice","8":"product_cat-prijateljstvo","9":"product_cat-porodica","10":"product_cat-cestitke","11":"product_cat-motivacija","13":"first","14":"instock","15":"shipping-taxable","16":"purchasable","17":"product-type-simple"},"jetpack_sharing_enabled":true,"_links":{"self":[{"href":"https:\/\/www.zracakoblacak.com\/sl\/wp-json\/wp\/v2\/product\/4298","targetHints":{"allow":["GET"]}}],"collection":[{"href":"https:\/\/www.zracakoblacak.com\/sl\/wp-json\/wp\/v2\/product"}],"about":[{"href":"https:\/\/www.zracakoblacak.com\/sl\/wp-json\/wp\/v2\/types\/product"}],"replies":[{"embeddable":true,"href":"https:\/\/www.zracakoblacak.com\/sl\/wp-json\/wp\/v2\/comments?post=4298"}],"wp:featuredmedia":[{"embeddable":true,"href":"https:\/\/www.zracakoblacak.com\/sl\/wp-json\/wp\/v2\/media\/4299"}],"wp:attachment":[{"href":"https:\/\/www.zracakoblacak.com\/sl\/wp-json\/wp\/v2\/media?parent=4298"}],"wp:term":[{"taxonomy":"product_brand","embeddable":true,"href":"https:\/\/www.zracakoblacak.com\/sl\/wp-json\/wp\/v2\/product_brand?post=4298"},{"taxonomy":"product_cat","embeddable":true,"href":"https:\/\/www.zracakoblacak.com\/sl\/wp-json\/wp\/v2\/product_cat?post=4298"},{"taxonomy":"product_tag","embeddable":true,"href":"https:\/\/www.zracakoblacak.com\/sl\/wp-json\/wp\/v2\/product_tag?post=4298"}],"curies":[{"name":"wp","href":"https:\/\/api.w.org\/{rel}","templated":true}]}}