{"id":4301,"date":"2020-12-27T22:39:48","date_gmt":"2020-12-27T22:39:48","guid":{"rendered":"https:\/\/www.zracakoblacak.com\/?post_type=product&#038;p=4301"},"modified":"2023-06-05T07:53:17","modified_gmt":"2023-06-05T07:53:17","slug":"dream-catcher","status":"publish","type":"product","link":"https:\/\/www.zracakoblacak.com\/sl\/shop\/bocice\/ljubav\/dream-catcher\/","title":{"rendered":"Dream catcher"},"content":{"rendered":"<h2>Poruka u boci \u2013 &#8222;You are the dream catcher&#8220;<\/h2>\n<h3>Material: steklo<\/h3>\n<h3>Dimenzije: 30 x 70 mm<\/h3>\n<h3>Ne postoji osoba koja nema nijednu \u017eelju, san. Svi \u017eelimo da se nama i na\u0161im dragim ljudima ostvari \u0161to vi\u0161e snova i \u017eelja.&nbsp;<\/h3>\n<h3>Slu\u0161ajte svoje srce i verujte u snove.<\/h3>","protected":false},"excerpt":{"rendered":"<h3>Razveselite sebe ali svoje najdra\u017eje na originalni na\u010din \u2013 s sporo\u010dilom v stekleni\u010dki!<\/h3>\n<h2>&#8222;You are the dream catcher&#8220;<\/h2>\n<h3>Ne postoji osoba koja nema nijednu \u017eelju, san. Svi \u017eelimo da se nama i na\u0161im dragim ljudima ostvari \u0161to vi\u0161e snova i \u017eelja.&nbsp;<\/h3>\n<h3>Slu\u0161ajte svoje srce i verujte u snove.<\/h3>","protected":false},"featured_media":4302,"comment_status":"open","ping_status":"closed","template":"","meta":{"ngg_post_thumbnail":0},"product_brand":[],"product_cat":[88,105,89,94,91,95],"product_tag":[],"class_list":{"0":"post-4301","1":"product","2":"type-product","3":"status-publish","4":"has-post-thumbnail","6":"product_cat-ljubav","7":"product_cat-bocice","8":"product_cat-prijateljstvo","9":"product_cat-porodica","10":"product_cat-cestitke","11":"product_cat-motivacija","13":"first","14":"instock","15":"shipping-taxable","16":"purchasable","17":"product-type-simple"},"jetpack_sharing_enabled":true,"_links":{"self":[{"href":"https:\/\/www.zracakoblacak.com\/sl\/wp-json\/wp\/v2\/product\/4301","targetHints":{"allow":["GET"]}}],"collection":[{"href":"https:\/\/www.zracakoblacak.com\/sl\/wp-json\/wp\/v2\/product"}],"about":[{"href":"https:\/\/www.zracakoblacak.com\/sl\/wp-json\/wp\/v2\/types\/product"}],"replies":[{"embeddable":true,"href":"https:\/\/www.zracakoblacak.com\/sl\/wp-json\/wp\/v2\/comments?post=4301"}],"wp:featuredmedia":[{"embeddable":true,"href":"https:\/\/www.zracakoblacak.com\/sl\/wp-json\/wp\/v2\/media\/4302"}],"wp:attachment":[{"href":"https:\/\/www.zracakoblacak.com\/sl\/wp-json\/wp\/v2\/media?parent=4301"}],"wp:term":[{"taxonomy":"product_brand","embeddable":true,"href":"https:\/\/www.zracakoblacak.com\/sl\/wp-json\/wp\/v2\/product_brand?post=4301"},{"taxonomy":"product_cat","embeddable":true,"href":"https:\/\/www.zracakoblacak.com\/sl\/wp-json\/wp\/v2\/product_cat?post=4301"},{"taxonomy":"product_tag","embeddable":true,"href":"https:\/\/www.zracakoblacak.com\/sl\/wp-json\/wp\/v2\/product_tag?post=4301"}],"curies":[{"name":"wp","href":"https:\/\/api.w.org\/{rel}","templated":true}]}}