{"id":4357,"date":"2021-01-31T18:26:00","date_gmt":"2021-01-31T18:26:00","guid":{"rendered":"https:\/\/www.zracakoblacak.com\/?post_type=product&#038;p=4357"},"modified":"2023-06-05T07:54:49","modified_gmt":"2023-06-05T07:54:49","slug":"kupid","status":"publish","type":"product","link":"https:\/\/www.zracakoblacak.com\/sl\/shop\/bocice\/ljubav\/kupid\/","title":{"rendered":"Kupid"},"content":{"rendered":"<h2>Poruka u boci \u2013 &#8222;I love you&#8220;<\/h2>\n<h3>Material: steklo<\/h3>\n<h3>Dimenzije: 30 x 70 mm<\/h3>\n<div class=\"o9v6fnle cxmmr5t8 oygrvhab hcukyx3x c1et5uql ii04i59q\">\n<h3 dir=\"auto\">Jedna od legendi o nastanku Dana zaljubljenih glasi:<\/h3>\n<\/div>\n<div dir=\"auto\">Sve\u0161tenik Valentin osu\u0111en je na smrt zato \u0161to je pomagao hri\u0161\u0107anima koji su be\u017eali iz rimskih zatvora u kojima su mu\u010deni. Dok je bio zarobljen, obilazila ga je \u010duvareva slepa \u0107erka, koja se u njega zaljubila. Valentin je bio zavetovan na celibat i nije mogao da joj uzvrati ljubav. Ipak, pre nego \u0161to je pogubljen, napisao joj je dirljivo pismo u kom je priznao svoja ose\u0107anja. Zavr\u0161io ga je svojim potpisom &#8222;from your Valentine&#8220;, \u0161to danas slu\u017ei kao pozdrav u \u010destitkama. Nakon pogubljenja devojka je primila pismo. Re\u010di ljubavi koje su joj \u010ditali, izle\u010dile su je i podarile joj vid. <span class=\"pq6dq46d tbxw36s4 knj5qynh kvgmc6g5 ditlmg2l oygrvhab nvdbi5me sf5mxxl7 gl3lb2sf hhz5lgdu\"><img decoding=\"async\" src=\"https:\/\/static.xx.fbcdn.net\/images\/emoji.php\/v9\/te9\/1\/16\/1f496.png\" alt=\"?\" width=\"16\" height=\"16\"><\/span><\/div>\n<div dir=\"auto\">Poruka u bo\u010dici je originalan na\u010din da obradujete svoje voljene.<\/div>\n<h3><\/h3>","protected":false},"excerpt":{"rendered":"<h3>Razveselite va\u0161e najdra\u017eje na originalni na\u010din \u2013 s sporo\u010dilom v stekleni\u010dki!<\/h3>\n<h1>&#8222;I love you&#8220;<\/h1>\n<h3 class=\"o9v6fnle cxmmr5t8 oygrvhab hcukyx3x c1et5uql ii04i59q\">\u010cestitajte voljenoj osobi Dan zaljubljenih.&nbsp;<\/h3>","protected":false},"featured_media":4358,"comment_status":"open","ping_status":"closed","template":"","meta":{"ngg_post_thumbnail":0},"product_brand":[],"product_cat":[88,105],"product_tag":[],"class_list":{"0":"post-4357","1":"product","2":"type-product","3":"status-publish","4":"has-post-thumbnail","6":"product_cat-ljubav","7":"product_cat-bocice","9":"first","10":"instock","11":"shipping-taxable","12":"purchasable","13":"product-type-simple"},"jetpack_sharing_enabled":true,"_links":{"self":[{"href":"https:\/\/www.zracakoblacak.com\/sl\/wp-json\/wp\/v2\/product\/4357","targetHints":{"allow":["GET"]}}],"collection":[{"href":"https:\/\/www.zracakoblacak.com\/sl\/wp-json\/wp\/v2\/product"}],"about":[{"href":"https:\/\/www.zracakoblacak.com\/sl\/wp-json\/wp\/v2\/types\/product"}],"replies":[{"embeddable":true,"href":"https:\/\/www.zracakoblacak.com\/sl\/wp-json\/wp\/v2\/comments?post=4357"}],"wp:featuredmedia":[{"embeddable":true,"href":"https:\/\/www.zracakoblacak.com\/sl\/wp-json\/wp\/v2\/media\/4358"}],"wp:attachment":[{"href":"https:\/\/www.zracakoblacak.com\/sl\/wp-json\/wp\/v2\/media?parent=4357"}],"wp:term":[{"taxonomy":"product_brand","embeddable":true,"href":"https:\/\/www.zracakoblacak.com\/sl\/wp-json\/wp\/v2\/product_brand?post=4357"},{"taxonomy":"product_cat","embeddable":true,"href":"https:\/\/www.zracakoblacak.com\/sl\/wp-json\/wp\/v2\/product_cat?post=4357"},{"taxonomy":"product_tag","embeddable":true,"href":"https:\/\/www.zracakoblacak.com\/sl\/wp-json\/wp\/v2\/product_tag?post=4357"}],"curies":[{"name":"wp","href":"https:\/\/api.w.org\/{rel}","templated":true}]}}