{"id":4428,"date":"2021-03-09T13:25:03","date_gmt":"2021-03-09T13:25:03","guid":{"rendered":"https:\/\/www.zracakoblacak.com\/?post_type=product&#038;p=4428"},"modified":"2022-12-02T20:10:25","modified_gmt":"2022-12-02T20:10:25","slug":"you-are-my-lucky-charm","status":"publish","type":"product","link":"https:\/\/www.zracakoblacak.com\/sl\/shop\/bocice\/ljubav\/you-are-my-lucky-charm\/","title":{"rendered":"You are my lucky charm"},"content":{"rendered":"<h2>Poruka u boci \u2013 &#8222;You&#8217;re my lucky charm&#8220;<\/h2>\n<h3>Material: steklo<\/h3>\n<h3>Dimenzije: 30 x 70 mm<\/h3>\n<h4>&#8222;Budite zra\u010dak nekom obla\u010dku&#8220; \ud83d\ude42<\/h4>\n<h4>Zabavna sporo\u010dilca, naj va\u0161im dragim ljudem na obraz nari\u0161ejo nasmeh.<\/h4>","protected":false},"excerpt":{"rendered":"<h3>Razveselite va\u0161e najdra\u017eje na originalni na\u010din \u2013 s sporo\u010dilom v stekleni\u010dki!<\/h3>\n<h1>&#8222;You&#8217;re my lucky charm&#8220;<\/h1>\n<h3>&#8222;Budite zra\u010dak nekom obla\u010dku&#8220; \ud83d\ude42<\/h3>\n<h3>Zabavna sporo\u010dilca, naj va\u0161im dragim ljudem na obraz nari\u0161ejo nasmeh.<\/h3>","protected":false},"featured_media":4429,"comment_status":"open","ping_status":"closed","template":"","meta":{"ngg_post_thumbnail":0},"product_brand":[],"product_cat":[88,105,89,94,91,90,95],"product_tag":[],"class_list":{"0":"post-4428","1":"product","2":"type-product","3":"status-publish","4":"has-post-thumbnail","6":"product_cat-ljubav","7":"product_cat-bocice","8":"product_cat-prijateljstvo","9":"product_cat-porodica","10":"product_cat-cestitke","11":"product_cat-zabava","12":"product_cat-motivacija","14":"first","15":"instock","16":"shipping-taxable","17":"purchasable","18":"product-type-simple"},"jetpack_sharing_enabled":true,"_links":{"self":[{"href":"https:\/\/www.zracakoblacak.com\/sl\/wp-json\/wp\/v2\/product\/4428","targetHints":{"allow":["GET"]}}],"collection":[{"href":"https:\/\/www.zracakoblacak.com\/sl\/wp-json\/wp\/v2\/product"}],"about":[{"href":"https:\/\/www.zracakoblacak.com\/sl\/wp-json\/wp\/v2\/types\/product"}],"replies":[{"embeddable":true,"href":"https:\/\/www.zracakoblacak.com\/sl\/wp-json\/wp\/v2\/comments?post=4428"}],"wp:featuredmedia":[{"embeddable":true,"href":"https:\/\/www.zracakoblacak.com\/sl\/wp-json\/wp\/v2\/media\/4429"}],"wp:attachment":[{"href":"https:\/\/www.zracakoblacak.com\/sl\/wp-json\/wp\/v2\/media?parent=4428"}],"wp:term":[{"taxonomy":"product_brand","embeddable":true,"href":"https:\/\/www.zracakoblacak.com\/sl\/wp-json\/wp\/v2\/product_brand?post=4428"},{"taxonomy":"product_cat","embeddable":true,"href":"https:\/\/www.zracakoblacak.com\/sl\/wp-json\/wp\/v2\/product_cat?post=4428"},{"taxonomy":"product_tag","embeddable":true,"href":"https:\/\/www.zracakoblacak.com\/sl\/wp-json\/wp\/v2\/product_tag?post=4428"}],"curies":[{"name":"wp","href":"https:\/\/api.w.org\/{rel}","templated":true}]}}