{"id":4447,"date":"2021-03-09T21:58:56","date_gmt":"2021-03-09T21:58:56","guid":{"rendered":"https:\/\/www.zracakoblacak.com\/?post_type=product&#038;p=4447"},"modified":"2023-06-05T07:58:07","modified_gmt":"2023-06-05T07:58:07","slug":"only-you-2","status":"publish","type":"product","link":"https:\/\/www.zracakoblacak.com\/sl\/shop\/bocice\/ljubav\/only-you-2\/","title":{"rendered":"Only you"},"content":{"rendered":"<h2>Poruka u boci \u2013 &#8222;Only you&#8220;<\/h2>\n<h3>Material: steklo<\/h3>\n<h3>Dimenzije: 20 x 70 mm<\/h3>\n<h4>Ljubav je ose\u0107anje koje nas \u010dini poletnim, ispunjenim, sre\u0107nim.&nbsp;<\/h4>\n<h4>Ljubav \u017eivi u na\u0161oj du\u0161i.<\/h4>\n<h4>Ljubav se voli i kada nas mu\u010di, pa i kada boli.<\/h4>\n<h4>Ljubav nam daje snagu, mo\u0107 i svemu daje smisao.<\/h4>\n<h4>Volite ljubav svakog dana.<\/h4>","protected":false},"excerpt":{"rendered":"<h3>Razveselite sebe ali svoje najdra\u017eje na originalni na\u010din \u2013 s sporo\u010dilom v stekleni\u010dki!<\/h3>\n<h1>&#8222;Only you&#8220; &#8211; The Platters<\/h1>\n<h3>Jedna od ideja za nesvakida\u0161nje izjavljivanje ljubavi.<\/h3>\n<h3>Volite ljubav svakog dana.<\/h3>","protected":false},"featured_media":4448,"comment_status":"open","ping_status":"closed","template":"","meta":{"ngg_post_thumbnail":0},"product_brand":[],"product_cat":[88,105],"product_tag":[],"class_list":{"0":"post-4447","1":"product","2":"type-product","3":"status-publish","4":"has-post-thumbnail","6":"product_cat-ljubav","7":"product_cat-bocice","9":"first","10":"instock","11":"shipping-taxable","12":"purchasable","13":"product-type-simple"},"jetpack_sharing_enabled":true,"_links":{"self":[{"href":"https:\/\/www.zracakoblacak.com\/sl\/wp-json\/wp\/v2\/product\/4447","targetHints":{"allow":["GET"]}}],"collection":[{"href":"https:\/\/www.zracakoblacak.com\/sl\/wp-json\/wp\/v2\/product"}],"about":[{"href":"https:\/\/www.zracakoblacak.com\/sl\/wp-json\/wp\/v2\/types\/product"}],"replies":[{"embeddable":true,"href":"https:\/\/www.zracakoblacak.com\/sl\/wp-json\/wp\/v2\/comments?post=4447"}],"wp:featuredmedia":[{"embeddable":true,"href":"https:\/\/www.zracakoblacak.com\/sl\/wp-json\/wp\/v2\/media\/4448"}],"wp:attachment":[{"href":"https:\/\/www.zracakoblacak.com\/sl\/wp-json\/wp\/v2\/media?parent=4447"}],"wp:term":[{"taxonomy":"product_brand","embeddable":true,"href":"https:\/\/www.zracakoblacak.com\/sl\/wp-json\/wp\/v2\/product_brand?post=4447"},{"taxonomy":"product_cat","embeddable":true,"href":"https:\/\/www.zracakoblacak.com\/sl\/wp-json\/wp\/v2\/product_cat?post=4447"},{"taxonomy":"product_tag","embeddable":true,"href":"https:\/\/www.zracakoblacak.com\/sl\/wp-json\/wp\/v2\/product_tag?post=4447"}],"curies":[{"name":"wp","href":"https:\/\/api.w.org\/{rel}","templated":true}]}}