{"id":4451,"date":"2021-03-09T22:16:17","date_gmt":"2021-03-09T22:16:17","guid":{"rendered":"https:\/\/www.zracakoblacak.com\/?post_type=product&#038;p=4451"},"modified":"2023-06-05T07:58:24","modified_gmt":"2023-06-05T07:58:24","slug":"forehead-kiss","status":"publish","type":"product","link":"https:\/\/www.zracakoblacak.com\/sl\/shop\/bocice\/ljubav\/forehead-kiss\/","title":{"rendered":"Forehead kiss"},"content":{"rendered":"<h2>Poruka u boci \u2013 &#8222;The real lover is the man who can thrill you by kissing your forehead or smiling into your eyes or just staring into space&#8220; &#8211; Marilyn Monroe<\/h2>\n<h3>Material: steklo<\/h3>\n<h3>Dimenzije: 20 x 70 mm<\/h3>\n<h4>Jedna od ideja za nesvakida\u0161nje izjavljivanje ljubavi.&nbsp;<\/h4>\n<h4>Magija poljubaca je \u0161to ostaju urezani ne samo u se\u0107anju, ve\u0107 i u srcu. Od poljupca u obraz, na \u010delo, do strastvenih poljubaca, svaki ostavlja trag ako je iskren i poseban.<\/h4>","protected":false},"excerpt":{"rendered":"<h3>Razveselite sebe ali svoje najdra\u017eje na originalni na\u010din \u2013 s sporo\u010dilom v stekleni\u010dki!<\/h3>\n<h1>&#8222;The real lover is the man who can thrill you by kissing your forehead or smiling into your eyes or just staring into space&#8220; -Marilyn Monroe<\/h1>\n<h3>Jedna od ideja za nesvakida\u0161nje izjavljivanje ljubavi.<\/h3>\n<h3>Magija poljubaca je \u0161to ostaju urezani ne samo u se\u0107anju, ve\u0107 i u srcu. Od poljupca u obraz, na \u010delo, do strastvenih poljubaca, svaki ostavlja trag ako je iskren i poseban.<\/h3>","protected":false},"featured_media":4452,"comment_status":"open","ping_status":"closed","template":"","meta":{"ngg_post_thumbnail":0},"product_brand":[],"product_cat":[88,105],"product_tag":[],"class_list":{"0":"post-4451","1":"product","2":"type-product","3":"status-publish","4":"has-post-thumbnail","6":"product_cat-ljubav","7":"product_cat-bocice","9":"first","10":"instock","11":"shipping-taxable","12":"purchasable","13":"product-type-simple"},"jetpack_sharing_enabled":true,"_links":{"self":[{"href":"https:\/\/www.zracakoblacak.com\/sl\/wp-json\/wp\/v2\/product\/4451","targetHints":{"allow":["GET"]}}],"collection":[{"href":"https:\/\/www.zracakoblacak.com\/sl\/wp-json\/wp\/v2\/product"}],"about":[{"href":"https:\/\/www.zracakoblacak.com\/sl\/wp-json\/wp\/v2\/types\/product"}],"replies":[{"embeddable":true,"href":"https:\/\/www.zracakoblacak.com\/sl\/wp-json\/wp\/v2\/comments?post=4451"}],"wp:featuredmedia":[{"embeddable":true,"href":"https:\/\/www.zracakoblacak.com\/sl\/wp-json\/wp\/v2\/media\/4452"}],"wp:attachment":[{"href":"https:\/\/www.zracakoblacak.com\/sl\/wp-json\/wp\/v2\/media?parent=4451"}],"wp:term":[{"taxonomy":"product_brand","embeddable":true,"href":"https:\/\/www.zracakoblacak.com\/sl\/wp-json\/wp\/v2\/product_brand?post=4451"},{"taxonomy":"product_cat","embeddable":true,"href":"https:\/\/www.zracakoblacak.com\/sl\/wp-json\/wp\/v2\/product_cat?post=4451"},{"taxonomy":"product_tag","embeddable":true,"href":"https:\/\/www.zracakoblacak.com\/sl\/wp-json\/wp\/v2\/product_tag?post=4451"}],"curies":[{"name":"wp","href":"https:\/\/api.w.org\/{rel}","templated":true}]}}