{"id":4547,"date":"2021-03-09T14:15:34","date_gmt":"2021-03-09T14:15:34","guid":{"rendered":"https:\/\/www.zracakoblacak.com\/?post_type=product&#038;p=4547"},"modified":"2023-06-05T07:57:35","modified_gmt":"2023-06-05T07:57:35","slug":"pinokio","status":"publish","type":"product","link":"https:\/\/www.zracakoblacak.com\/sl\/shop\/bocice\/porodica\/pinokio\/","title":{"rendered":"Pinokio"},"content":{"rendered":"<h2>Poruka u boci \u2013 &#8222;Let your conscience be your guide&#8220;<\/h2>\n<h3>Material: steklo<\/h3>\n<h3>Dimenzije: 30 x 70 mm<\/h3>\n<h4>Obradujte svoje najmla\u0111e bo\u010dicom sa drugarima iz njihove omiljene knjige ili filma.<\/h4>\n<h4>Ako to nije Pinokio, pi\u0161ite mi i sa zadovoljstvom \u0107u ispuniti va\u0161u \u017eelju.<\/h4>\n<h4>Bo\u010dica i knjiga su savr\u0161en poklon za svaku priliku.<\/h4>","protected":false},"excerpt":{"rendered":"<h3>Razveselite va\u0161e najdra\u017eje na originalni na\u010din \u2013 s sporo\u010dilom v stekleni\u010dki!<\/h3>\n<h1>&#8222;Let your conscience be your guide&#8220;<\/h1>\n<h4>Bo\u010dica sa likovima iz omiljene knjige va\u0161eg klinca ili klinceze je savr\u0161en poklon za svaku priliku.<\/h4>","protected":false},"featured_media":4549,"comment_status":"open","ping_status":"closed","template":"","meta":{"ngg_post_thumbnail":0},"product_brand":[],"product_cat":[94,105,91,90,95],"product_tag":[],"class_list":{"0":"post-4547","1":"product","2":"type-product","3":"status-publish","4":"has-post-thumbnail","6":"product_cat-porodica","7":"product_cat-bocice","8":"product_cat-cestitke","9":"product_cat-zabava","10":"product_cat-motivacija","12":"first","13":"instock","14":"shipping-taxable","15":"purchasable","16":"product-type-simple"},"jetpack_sharing_enabled":true,"_links":{"self":[{"href":"https:\/\/www.zracakoblacak.com\/sl\/wp-json\/wp\/v2\/product\/4547","targetHints":{"allow":["GET"]}}],"collection":[{"href":"https:\/\/www.zracakoblacak.com\/sl\/wp-json\/wp\/v2\/product"}],"about":[{"href":"https:\/\/www.zracakoblacak.com\/sl\/wp-json\/wp\/v2\/types\/product"}],"replies":[{"embeddable":true,"href":"https:\/\/www.zracakoblacak.com\/sl\/wp-json\/wp\/v2\/comments?post=4547"}],"wp:featuredmedia":[{"embeddable":true,"href":"https:\/\/www.zracakoblacak.com\/sl\/wp-json\/wp\/v2\/media\/4549"}],"wp:attachment":[{"href":"https:\/\/www.zracakoblacak.com\/sl\/wp-json\/wp\/v2\/media?parent=4547"}],"wp:term":[{"taxonomy":"product_brand","embeddable":true,"href":"https:\/\/www.zracakoblacak.com\/sl\/wp-json\/wp\/v2\/product_brand?post=4547"},{"taxonomy":"product_cat","embeddable":true,"href":"https:\/\/www.zracakoblacak.com\/sl\/wp-json\/wp\/v2\/product_cat?post=4547"},{"taxonomy":"product_tag","embeddable":true,"href":"https:\/\/www.zracakoblacak.com\/sl\/wp-json\/wp\/v2\/product_tag?post=4547"}],"curies":[{"name":"wp","href":"https:\/\/api.w.org\/{rel}","templated":true}]}}