{"id":4765,"date":"2022-01-23T18:08:11","date_gmt":"2022-01-23T18:08:11","guid":{"rendered":"https:\/\/www.zracakoblacak.com\/?post_type=product&#038;p=4765"},"modified":"2023-06-05T08:03:46","modified_gmt":"2023-06-05T08:03:46","slug":"always-be-yourself","status":"publish","type":"product","link":"https:\/\/www.zracakoblacak.com\/sl\/shop\/bocice\/novogidisnje\/always-be-yourself\/","title":{"rendered":"Always be yourself"},"content":{"rendered":"<h2>Poruka u boci \u2013 &#8222;Always be yourself unless you can be a penguin&#8220;<\/h2>\n<h3>Materijal: staklo, epoksi smola<\/h3>\n<h3>Dimenzije: 20 x 50 mm<\/h3>\n<h3>Obradujte drage ljude simpati\u010dnom porukom.&nbsp;<\/h3>\n<h3>\u010cestitajte praznike na originalan na\u010din.<\/h3>\n<h4>Svaka bo\u010dica mo\u017ee biti napravljena kao ukras za jelku.<\/h4>","protected":false},"excerpt":{"rendered":"<h3>Razveselite sebe ali svoje najdra\u017eje na originalni na\u010din \u2013 s sporo\u010dilom v stekleni\u010dki!<\/h3>\n<h1>&#8222;Always be yourself unless you can be a penguin&#8220;<\/h1>\n<h3>\u010cestitajte praznike na druga\u010diji na\u010din.<\/h3>\n<h3>Poklonite neobi\u010dan novogodi\u0161nji ukras.<\/h3>\n<h3>&#8222;Budite zra\u010dak nekom obla\u010dku&#8220; \ud83d\ude42<\/h3>","protected":false},"featured_media":4766,"comment_status":"open","ping_status":"closed","template":"","meta":{"ngg_post_thumbnail":0},"product_brand":[],"product_cat":[98,105,88,89,91,90,95],"product_tag":[],"class_list":{"0":"post-4765","1":"product","2":"type-product","3":"status-publish","4":"has-post-thumbnail","6":"product_cat-novogidisnje","7":"product_cat-bocice","8":"product_cat-ljubav","9":"product_cat-prijateljstvo","10":"product_cat-cestitke","11":"product_cat-zabava","12":"product_cat-motivacija","14":"first","15":"instock","16":"shipping-taxable","17":"purchasable","18":"product-type-simple"},"jetpack_sharing_enabled":true,"_links":{"self":[{"href":"https:\/\/www.zracakoblacak.com\/sl\/wp-json\/wp\/v2\/product\/4765","targetHints":{"allow":["GET"]}}],"collection":[{"href":"https:\/\/www.zracakoblacak.com\/sl\/wp-json\/wp\/v2\/product"}],"about":[{"href":"https:\/\/www.zracakoblacak.com\/sl\/wp-json\/wp\/v2\/types\/product"}],"replies":[{"embeddable":true,"href":"https:\/\/www.zracakoblacak.com\/sl\/wp-json\/wp\/v2\/comments?post=4765"}],"wp:featuredmedia":[{"embeddable":true,"href":"https:\/\/www.zracakoblacak.com\/sl\/wp-json\/wp\/v2\/media\/4766"}],"wp:attachment":[{"href":"https:\/\/www.zracakoblacak.com\/sl\/wp-json\/wp\/v2\/media?parent=4765"}],"wp:term":[{"taxonomy":"product_brand","embeddable":true,"href":"https:\/\/www.zracakoblacak.com\/sl\/wp-json\/wp\/v2\/product_brand?post=4765"},{"taxonomy":"product_cat","embeddable":true,"href":"https:\/\/www.zracakoblacak.com\/sl\/wp-json\/wp\/v2\/product_cat?post=4765"},{"taxonomy":"product_tag","embeddable":true,"href":"https:\/\/www.zracakoblacak.com\/sl\/wp-json\/wp\/v2\/product_tag?post=4765"}],"curies":[{"name":"wp","href":"https:\/\/api.w.org\/{rel}","templated":true}]}}