{"id":4859,"date":"2022-07-20T15:54:23","date_gmt":"2022-07-20T15:54:23","guid":{"rendered":"https:\/\/www.zracakoblacak.com\/?post_type=product&#038;p=4859"},"modified":"2023-06-05T08:07:01","modified_gmt":"2023-06-05T08:07:01","slug":"spotify","status":"publish","type":"product","link":"https:\/\/www.zracakoblacak.com\/sl\/shop\/bocice\/ljubav\/spotify\/","title":{"rendered":"Spotify"},"content":{"rendered":"<h2>Poruka u boci \u2013 &#8222;Spotify&#8220;<\/h2>\n<h3>Material: steklo<\/h3>\n<h3>Privezak: sidro (mo\u017ee biti po \u017eelji)<\/h3>\n<h3>Dimenzije: 30 x 70 mm<\/h3>\n<h4>Prava pesma izaziva posebne magi\u010dne ose\u0107aje. Ona je paket biranih re\u010di, melodija, ritmova, ose\u0107anja i ljubavi.<\/h4>\n<h4>Kada re\u010di zaka\u017eu, muzika je uvek tu.<\/h4>\n<h4>Va\u0161u posebnu pesmu pretvorite u originalan poklon.<\/h4>\n<h4>Sve \u0161to je potrebno da va\u0161a bo\u010dica zasvira najdra\u017eu melodiju je Spotify aplikacija.<\/h4>","protected":false},"excerpt":{"rendered":"<h3>Razveselite sebe ali svoje najdra\u017eje na originalni na\u010din \u2013 s sporo\u010dilom v stekleni\u010dki!<\/h3>\n<h1>&#8222;Spotify&#8220;<\/h1>\n<h4>Va\u0161u posebnu pesmu pretvorite u originalan poklon.<\/h4>\n<h4>Sve \u0161to je potrebno da va\u0161a bo\u010dica zasvira najdra\u017eu melodiju je Spotify aplikacija.<\/h4>","protected":false},"featured_media":4865,"comment_status":"open","ping_status":"closed","template":"","meta":{"ngg_post_thumbnail":0},"product_brand":[],"product_cat":[88,105,89,94,91,90],"product_tag":[],"class_list":{"0":"post-4859","1":"product","2":"type-product","3":"status-publish","4":"has-post-thumbnail","6":"product_cat-ljubav","7":"product_cat-bocice","8":"product_cat-prijateljstvo","9":"product_cat-porodica","10":"product_cat-cestitke","11":"product_cat-zabava","13":"first","14":"instock","15":"shipping-taxable","16":"purchasable","17":"product-type-simple"},"jetpack_sharing_enabled":true,"_links":{"self":[{"href":"https:\/\/www.zracakoblacak.com\/sl\/wp-json\/wp\/v2\/product\/4859","targetHints":{"allow":["GET"]}}],"collection":[{"href":"https:\/\/www.zracakoblacak.com\/sl\/wp-json\/wp\/v2\/product"}],"about":[{"href":"https:\/\/www.zracakoblacak.com\/sl\/wp-json\/wp\/v2\/types\/product"}],"replies":[{"embeddable":true,"href":"https:\/\/www.zracakoblacak.com\/sl\/wp-json\/wp\/v2\/comments?post=4859"}],"wp:featuredmedia":[{"embeddable":true,"href":"https:\/\/www.zracakoblacak.com\/sl\/wp-json\/wp\/v2\/media\/4865"}],"wp:attachment":[{"href":"https:\/\/www.zracakoblacak.com\/sl\/wp-json\/wp\/v2\/media?parent=4859"}],"wp:term":[{"taxonomy":"product_brand","embeddable":true,"href":"https:\/\/www.zracakoblacak.com\/sl\/wp-json\/wp\/v2\/product_brand?post=4859"},{"taxonomy":"product_cat","embeddable":true,"href":"https:\/\/www.zracakoblacak.com\/sl\/wp-json\/wp\/v2\/product_cat?post=4859"},{"taxonomy":"product_tag","embeddable":true,"href":"https:\/\/www.zracakoblacak.com\/sl\/wp-json\/wp\/v2\/product_tag?post=4859"}],"curies":[{"name":"wp","href":"https:\/\/api.w.org\/{rel}","templated":true}]}}