{"id":5189,"date":"2022-12-18T18:59:04","date_gmt":"2022-12-18T18:59:04","guid":{"rendered":"https:\/\/www.zracakoblacak.com\/?post_type=product&#038;p=5189"},"modified":"2022-12-18T19:09:46","modified_gmt":"2022-12-18T19:09:46","slug":"krcko-2","status":"publish","type":"product","link":"https:\/\/www.zracakoblacak.com\/sl\/shop\/ukrasne-kutije\/krcko-2\/","title":{"rendered":"KRCKO 2"},"content":{"rendered":"<p>Kutija kockica &#8222;KRCKO 2&#8220;<\/p>\n<p>*Sve kutije mogu biti ura\u0111ene u kombinaciji boja koje vi \u017eelite<\/p>\n<p>*Ako vam je potrebna kutijica sa drugim motivom, ili neka izmena, pi\u0161ite na info@zracakoblacak.com<\/p>","protected":false},"excerpt":{"rendered":"<p>Kutija kockica &#8222;KRCKO 2&#8220; *Sve kutije mogu biti ura\u0111ene u kombinaciji boja koje vi \u017eelite *Ako vam je potrebna kutijica sa drugim motivom, ili neka izmena, pi\u0161ite na info@zracakoblacak.com<\/p>","protected":false},"featured_media":5190,"comment_status":"open","ping_status":"closed","template":"","meta":{"ngg_post_thumbnail":0},"product_brand":[],"product_cat":[101],"product_tag":[],"class_list":{"0":"post-5189","1":"product","2":"type-product","3":"status-publish","4":"has-post-thumbnail","6":"product_cat-ukrasne-kutije","8":"first","9":"instock","10":"shipping-taxable","11":"purchasable","12":"product-type-simple"},"jetpack_sharing_enabled":true,"_links":{"self":[{"href":"https:\/\/www.zracakoblacak.com\/sl\/wp-json\/wp\/v2\/product\/5189","targetHints":{"allow":["GET"]}}],"collection":[{"href":"https:\/\/www.zracakoblacak.com\/sl\/wp-json\/wp\/v2\/product"}],"about":[{"href":"https:\/\/www.zracakoblacak.com\/sl\/wp-json\/wp\/v2\/types\/product"}],"replies":[{"embeddable":true,"href":"https:\/\/www.zracakoblacak.com\/sl\/wp-json\/wp\/v2\/comments?post=5189"}],"wp:featuredmedia":[{"embeddable":true,"href":"https:\/\/www.zracakoblacak.com\/sl\/wp-json\/wp\/v2\/media\/5190"}],"wp:attachment":[{"href":"https:\/\/www.zracakoblacak.com\/sl\/wp-json\/wp\/v2\/media?parent=5189"}],"wp:term":[{"taxonomy":"product_brand","embeddable":true,"href":"https:\/\/www.zracakoblacak.com\/sl\/wp-json\/wp\/v2\/product_brand?post=5189"},{"taxonomy":"product_cat","embeddable":true,"href":"https:\/\/www.zracakoblacak.com\/sl\/wp-json\/wp\/v2\/product_cat?post=5189"},{"taxonomy":"product_tag","embeddable":true,"href":"https:\/\/www.zracakoblacak.com\/sl\/wp-json\/wp\/v2\/product_tag?post=5189"}],"curies":[{"name":"wp","href":"https:\/\/api.w.org\/{rel}","templated":true}]}}