{"id":5205,"date":"2022-12-18T19:17:11","date_gmt":"2022-12-18T19:17:11","guid":{"rendered":"https:\/\/www.zracakoblacak.com\/?post_type=product&#038;p=5205"},"modified":"2023-05-19T10:31:17","modified_gmt":"2023-05-19T10:31:17","slug":"zvezdice-2","status":"publish","type":"product","link":"https:\/\/www.zracakoblacak.com\/sl\/shop\/ukrasne-kutije\/zvezdice-2\/","title":{"rendered":"ZVEZDICE 1"},"content":{"rendered":"<p>Kutija duguljasta &#8222;ZVEZDICE&#8220;<\/p>\n<p>*Sve kutije mogu biti ura\u0111ene u dezenu koji \u017eelite<\/p>\n<p>*Ako vam je potrebna kutijica sa drugim motivom, ili neka izmena, pi\u0161ite na info@zracakoblacak.com<\/p>","protected":false},"excerpt":{"rendered":"<p>Kutija duguljasta &#8222;ZVEZDICE&#8220; *Sve kutije mogu biti ura\u0111ene u dezenu koji \u017eelite *Ako vam je potrebna kutijica sa drugim motivom, ili neka izmena, pi\u0161ite na info@zracakoblacak.com<\/p>","protected":false},"featured_media":5206,"comment_status":"open","ping_status":"closed","template":"","meta":{"ngg_post_thumbnail":0},"product_brand":[],"product_cat":[101],"product_tag":[],"class_list":{"0":"post-5205","1":"product","2":"type-product","3":"status-publish","4":"has-post-thumbnail","6":"product_cat-ukrasne-kutije","8":"first","9":"instock","10":"shipping-taxable","11":"purchasable","12":"product-type-simple"},"jetpack_sharing_enabled":true,"_links":{"self":[{"href":"https:\/\/www.zracakoblacak.com\/sl\/wp-json\/wp\/v2\/product\/5205","targetHints":{"allow":["GET"]}}],"collection":[{"href":"https:\/\/www.zracakoblacak.com\/sl\/wp-json\/wp\/v2\/product"}],"about":[{"href":"https:\/\/www.zracakoblacak.com\/sl\/wp-json\/wp\/v2\/types\/product"}],"replies":[{"embeddable":true,"href":"https:\/\/www.zracakoblacak.com\/sl\/wp-json\/wp\/v2\/comments?post=5205"}],"wp:featuredmedia":[{"embeddable":true,"href":"https:\/\/www.zracakoblacak.com\/sl\/wp-json\/wp\/v2\/media\/5206"}],"wp:attachment":[{"href":"https:\/\/www.zracakoblacak.com\/sl\/wp-json\/wp\/v2\/media?parent=5205"}],"wp:term":[{"taxonomy":"product_brand","embeddable":true,"href":"https:\/\/www.zracakoblacak.com\/sl\/wp-json\/wp\/v2\/product_brand?post=5205"},{"taxonomy":"product_cat","embeddable":true,"href":"https:\/\/www.zracakoblacak.com\/sl\/wp-json\/wp\/v2\/product_cat?post=5205"},{"taxonomy":"product_tag","embeddable":true,"href":"https:\/\/www.zracakoblacak.com\/sl\/wp-json\/wp\/v2\/product_tag?post=5205"}],"curies":[{"name":"wp","href":"https:\/\/api.w.org\/{rel}","templated":true}]}}