{"id":5361,"date":"2023-05-19T11:40:31","date_gmt":"2023-05-19T11:40:31","guid":{"rendered":"https:\/\/www.zracakoblacak.com\/?post_type=product&#038;p=5361"},"modified":"2023-05-19T11:40:31","modified_gmt":"2023-05-19T11:40:31","slug":"witches-1","status":"publish","type":"product","link":"https:\/\/www.zracakoblacak.com\/sl\/shop\/nalepnice\/witches-1\/","title":{"rendered":"WITCHES 1"},"content":{"rendered":"<p>Nalepnice &#8222;WITCHES&#8220;<\/p>\n<p>*Dimenzije lista sa nalenicama: 12x16cm<\/p>\n<p>*Ako su vam potrebni stikeri sa drugim motivima, pi\u0161ite na info@zracakoblacak.com<\/p>\n<p>*Na koverti se mo\u017ee dodati poruka ili slika po \u017eelji<\/p>\n<p>*Nalepnice mogu biti ura\u0111ene i kao pojedina\u010dne ili u ve\u0107oj dimenziji (do formata a4)<\/p>","protected":false},"excerpt":{"rendered":"<p>Nalepnice &#8222;WITCHES&#8220; *Dimenzije lista sa nalenicama: 12x16cm *Ako su vam potrebni stikeri sa drugim motivima, pi\u0161ite na info@zracakoblacak.com *Na koverti se mo\u017ee dodati poruka ili slika po \u017eelji *Nalepnice mogu biti ura\u0111ene i kao pojedina\u010dne ili u ve\u0107oj dimenziji (do formata a4)<\/p>","protected":false},"featured_media":5362,"comment_status":"open","ping_status":"closed","template":"","meta":{"ngg_post_thumbnail":0},"product_brand":[],"product_cat":[102],"product_tag":[],"class_list":{"0":"post-5361","1":"product","2":"type-product","3":"status-publish","4":"has-post-thumbnail","6":"product_cat-nalepnice","8":"first","9":"instock","10":"shipping-taxable","11":"purchasable","12":"product-type-simple"},"jetpack_sharing_enabled":true,"_links":{"self":[{"href":"https:\/\/www.zracakoblacak.com\/sl\/wp-json\/wp\/v2\/product\/5361","targetHints":{"allow":["GET"]}}],"collection":[{"href":"https:\/\/www.zracakoblacak.com\/sl\/wp-json\/wp\/v2\/product"}],"about":[{"href":"https:\/\/www.zracakoblacak.com\/sl\/wp-json\/wp\/v2\/types\/product"}],"replies":[{"embeddable":true,"href":"https:\/\/www.zracakoblacak.com\/sl\/wp-json\/wp\/v2\/comments?post=5361"}],"wp:featuredmedia":[{"embeddable":true,"href":"https:\/\/www.zracakoblacak.com\/sl\/wp-json\/wp\/v2\/media\/5362"}],"wp:attachment":[{"href":"https:\/\/www.zracakoblacak.com\/sl\/wp-json\/wp\/v2\/media?parent=5361"}],"wp:term":[{"taxonomy":"product_brand","embeddable":true,"href":"https:\/\/www.zracakoblacak.com\/sl\/wp-json\/wp\/v2\/product_brand?post=5361"},{"taxonomy":"product_cat","embeddable":true,"href":"https:\/\/www.zracakoblacak.com\/sl\/wp-json\/wp\/v2\/product_cat?post=5361"},{"taxonomy":"product_tag","embeddable":true,"href":"https:\/\/www.zracakoblacak.com\/sl\/wp-json\/wp\/v2\/product_tag?post=5361"}],"curies":[{"name":"wp","href":"https:\/\/api.w.org\/{rel}","templated":true}]}}