{"id":5375,"date":"2023-05-19T12:03:44","date_gmt":"2023-05-19T12:03:44","guid":{"rendered":"https:\/\/www.zracakoblacak.com\/?post_type=product&#038;p=5375"},"modified":"2023-05-19T12:27:32","modified_gmt":"2023-05-19T12:27:32","slug":"drveno-postolje-za-bocicu","status":"publish","type":"product","link":"https:\/\/www.zracakoblacak.com\/sl\/shop\/postolja-za-bocice\/drveno-postolje-za-bocicu\/","title":{"rendered":"DRVENO POSTOLJE ZA BO\u010cICU"},"content":{"rendered":"<p>DRVENO POSTOLJE ZA BO\u010cICU<\/p>\n<p>*Dimenzije: 3,5x2cm<\/p>\n<p>*Boja postolja i natpis su po \u017eelji. Va\u0161 izbor napi\u0161ite u napomeni pri izvr\u0161enju porud\u017ebine ili na info@zracakoblacak.com<\/p>","protected":false},"excerpt":{"rendered":"<p>DRVENO POSTOLJE ZA BO\u010cICU *Dimenzije: 3,5x2cm *Boja postolja i natpis su po \u017eelji. Va\u0161 izbor napi\u0161ite u napomeni pri izvr\u0161enju porud\u017ebine ili na info@zracakoblacak.com<\/p>","protected":false},"featured_media":5376,"comment_status":"open","ping_status":"closed","template":"","meta":{"ngg_post_thumbnail":0},"product_brand":[],"product_cat":[103],"product_tag":[],"class_list":{"0":"post-5375","1":"product","2":"type-product","3":"status-publish","4":"has-post-thumbnail","6":"product_cat-postolja-za-bocice","8":"first","9":"instock","10":"shipping-taxable","11":"purchasable","12":"product-type-simple"},"jetpack_sharing_enabled":true,"_links":{"self":[{"href":"https:\/\/www.zracakoblacak.com\/sl\/wp-json\/wp\/v2\/product\/5375","targetHints":{"allow":["GET"]}}],"collection":[{"href":"https:\/\/www.zracakoblacak.com\/sl\/wp-json\/wp\/v2\/product"}],"about":[{"href":"https:\/\/www.zracakoblacak.com\/sl\/wp-json\/wp\/v2\/types\/product"}],"replies":[{"embeddable":true,"href":"https:\/\/www.zracakoblacak.com\/sl\/wp-json\/wp\/v2\/comments?post=5375"}],"wp:featuredmedia":[{"embeddable":true,"href":"https:\/\/www.zracakoblacak.com\/sl\/wp-json\/wp\/v2\/media\/5376"}],"wp:attachment":[{"href":"https:\/\/www.zracakoblacak.com\/sl\/wp-json\/wp\/v2\/media?parent=5375"}],"wp:term":[{"taxonomy":"product_brand","embeddable":true,"href":"https:\/\/www.zracakoblacak.com\/sl\/wp-json\/wp\/v2\/product_brand?post=5375"},{"taxonomy":"product_cat","embeddable":true,"href":"https:\/\/www.zracakoblacak.com\/sl\/wp-json\/wp\/v2\/product_cat?post=5375"},{"taxonomy":"product_tag","embeddable":true,"href":"https:\/\/www.zracakoblacak.com\/sl\/wp-json\/wp\/v2\/product_tag?post=5375"}],"curies":[{"name":"wp","href":"https:\/\/api.w.org\/{rel}","templated":true}]}}