{"id":5395,"date":"2023-05-19T12:24:10","date_gmt":"2023-05-19T12:24:10","guid":{"rendered":"https:\/\/www.zracakoblacak.com\/?post_type=product&#038;p=5395"},"modified":"2024-10-04T18:53:25","modified_gmt":"2024-10-04T18:53:25","slug":"bedzic","status":"publish","type":"product","link":"https:\/\/www.zracakoblacak.com\/sl\/shop\/bedzici\/bedzic\/","title":{"rendered":"Bed\u017ei\u0107"},"content":{"rendered":"<p>Bed\u017ei\u0107i po va\u0161oj \u017eelji.<\/p>\n<p>*Pre\u010dnik 4cm<\/p>\n<p>*Pi\u0161ite na info@zracakoblacak.com<\/p>","protected":false},"excerpt":{"rendered":"<p>Bed\u017ei\u0107i po va\u0161oj \u017eelji. *Pre\u010dnik 4cm *Pi\u0161ite na info@zracakoblacak.com<\/p>","protected":false},"featured_media":5396,"comment_status":"open","ping_status":"closed","template":"","meta":{"ngg_post_thumbnail":0},"product_brand":[],"product_cat":[106],"product_tag":[],"class_list":{"0":"post-5395","1":"product","2":"type-product","3":"status-publish","4":"has-post-thumbnail","6":"product_cat-bedzici","8":"first","9":"instock","10":"shipping-taxable","11":"purchasable","12":"product-type-simple"},"jetpack_sharing_enabled":true,"_links":{"self":[{"href":"https:\/\/www.zracakoblacak.com\/sl\/wp-json\/wp\/v2\/product\/5395","targetHints":{"allow":["GET"]}}],"collection":[{"href":"https:\/\/www.zracakoblacak.com\/sl\/wp-json\/wp\/v2\/product"}],"about":[{"href":"https:\/\/www.zracakoblacak.com\/sl\/wp-json\/wp\/v2\/types\/product"}],"replies":[{"embeddable":true,"href":"https:\/\/www.zracakoblacak.com\/sl\/wp-json\/wp\/v2\/comments?post=5395"}],"wp:featuredmedia":[{"embeddable":true,"href":"https:\/\/www.zracakoblacak.com\/sl\/wp-json\/wp\/v2\/media\/5396"}],"wp:attachment":[{"href":"https:\/\/www.zracakoblacak.com\/sl\/wp-json\/wp\/v2\/media?parent=5395"}],"wp:term":[{"taxonomy":"product_brand","embeddable":true,"href":"https:\/\/www.zracakoblacak.com\/sl\/wp-json\/wp\/v2\/product_brand?post=5395"},{"taxonomy":"product_cat","embeddable":true,"href":"https:\/\/www.zracakoblacak.com\/sl\/wp-json\/wp\/v2\/product_cat?post=5395"},{"taxonomy":"product_tag","embeddable":true,"href":"https:\/\/www.zracakoblacak.com\/sl\/wp-json\/wp\/v2\/product_tag?post=5395"}],"curies":[{"name":"wp","href":"https:\/\/api.w.org\/{rel}","templated":true}]}}