{"id":5411,"date":"2023-05-19T12:51:02","date_gmt":"2023-05-19T12:51:02","guid":{"rendered":"https:\/\/www.zracakoblacak.com\/?post_type=product&#038;p=5411"},"modified":"2023-05-19T12:51:02","modified_gmt":"2023-05-19T12:51:02","slug":"zmaj-sanjar","status":"publish","type":"product","link":"https:\/\/www.zracakoblacak.com\/sl\/shop\/nalepnice\/zmaj-sanjar\/","title":{"rendered":"ZMAJ SANJAR"},"content":{"rendered":"<p>Nalepnice \u201cZMAJ SANJAR\u201d<\/p>\n<p>*Dimenzije pojedina\u010dne nalepnice je oko 4-5cm (mo\u017ee biti ura\u0111ena i u drugim dimenzijama)<\/p>\n<p>*Ako su vam potrebni stikeri sa drugim motivima, pi\u0161ite na info@zracakoblacak.com<\/p>\n<p>*Cena je za komad<\/p>","protected":false},"excerpt":{"rendered":"<p>Nalepnice \u201cZMAJ SANJAR\u201d *Dimenzije pojedina\u010dne nalepnice je oko 4-5cm (mo\u017ee biti ura\u0111ena i u drugim dimenzijama) *Ako su vam potrebni stikeri sa drugim motivima, pi\u0161ite na info@zracakoblacak.com *Cena je za komad<\/p>","protected":false},"featured_media":5412,"comment_status":"open","ping_status":"closed","template":"","meta":{"ngg_post_thumbnail":0},"product_brand":[],"product_cat":[102],"product_tag":[],"class_list":{"0":"post-5411","1":"product","2":"type-product","3":"status-publish","4":"has-post-thumbnail","6":"product_cat-nalepnice","8":"first","9":"instock","10":"shipping-taxable","11":"purchasable","12":"product-type-simple"},"jetpack_sharing_enabled":true,"_links":{"self":[{"href":"https:\/\/www.zracakoblacak.com\/sl\/wp-json\/wp\/v2\/product\/5411","targetHints":{"allow":["GET"]}}],"collection":[{"href":"https:\/\/www.zracakoblacak.com\/sl\/wp-json\/wp\/v2\/product"}],"about":[{"href":"https:\/\/www.zracakoblacak.com\/sl\/wp-json\/wp\/v2\/types\/product"}],"replies":[{"embeddable":true,"href":"https:\/\/www.zracakoblacak.com\/sl\/wp-json\/wp\/v2\/comments?post=5411"}],"wp:featuredmedia":[{"embeddable":true,"href":"https:\/\/www.zracakoblacak.com\/sl\/wp-json\/wp\/v2\/media\/5412"}],"wp:attachment":[{"href":"https:\/\/www.zracakoblacak.com\/sl\/wp-json\/wp\/v2\/media?parent=5411"}],"wp:term":[{"taxonomy":"product_brand","embeddable":true,"href":"https:\/\/www.zracakoblacak.com\/sl\/wp-json\/wp\/v2\/product_brand?post=5411"},{"taxonomy":"product_cat","embeddable":true,"href":"https:\/\/www.zracakoblacak.com\/sl\/wp-json\/wp\/v2\/product_cat?post=5411"},{"taxonomy":"product_tag","embeddable":true,"href":"https:\/\/www.zracakoblacak.com\/sl\/wp-json\/wp\/v2\/product_tag?post=5411"}],"curies":[{"name":"wp","href":"https:\/\/api.w.org\/{rel}","templated":true}]}}