{"id":5481,"date":"2024-09-27T21:42:15","date_gmt":"2024-09-27T21:42:15","guid":{"rendered":"https:\/\/www.zracakoblacak.com\/?post_type=product&#038;p=5481"},"modified":"2024-09-29T10:10:23","modified_gmt":"2024-09-29T10:10:23","slug":"mini-toper-barbie","status":"publish","type":"product","link":"https:\/\/www.zracakoblacak.com\/sl\/shop\/toperi\/mini-toper-barbie\/","title":{"rendered":"Mini toper &#8222;Barbie&#8220;"},"content":{"rendered":"<p>Toperi su napravljeni od kvalitetnog debljeg papira.<\/p>\n<p>Veli\u010dina je varijabilna (mo\u017ee se prilagoditi va\u0161im potrebama).<\/p>\n<p>Veli\u010dina mini topera je do 10cm, a obi\u010dni toperi su izme\u0111u 15 i 20 cm \u0161irine, sa dovoljno duga\u010dkim \u0161tapi\u0107em, kako bi stabilno stajao.<\/p>\n<p>Svaki toper se izra\u0111uje po narud\u017ebini i personalizuje po va\u0161oj \u017eelji.&nbsp;<\/p>\n<p>Toper je lagan i siguran za postavljanje direktno na tortu. Savr\u0161eno je re\u0161enje za ro\u0111endane, godi\u0161njice, svadbe, ili druge specijalne prilike.<\/p>\n<p>Upotpunjuje dekoraciju i dodaje personalizaciju svakoj proslavi.<\/p>\n<p>*Ovaj toper\u010di\u0107 mo\u017ee biti ura\u0111en i kao \u0161ejker (za cenu mi pi\u0161ite)<\/p>\n<p>*Ukoliko vam je potreban toper sa drugim motivom, pi\u0161ite mi na info@zracakoblacak.com<\/p>","protected":false},"excerpt":{"rendered":"<p>Toper je lagan i siguran za postavljanje direktno na tortu.<\/p>\n<p>Savr\u0161eno je re\u0161enje za ro\u0111endane, godi\u0161njice, svadbe, ili druge specijalne prilike.<\/p>","protected":false},"featured_media":5482,"comment_status":"open","ping_status":"closed","template":"","meta":{"ngg_post_thumbnail":0},"product_brand":[],"product_cat":[107],"product_tag":[],"class_list":{"0":"post-5481","1":"product","2":"type-product","3":"status-publish","4":"has-post-thumbnail","6":"product_cat-toperi","8":"first","9":"instock","10":"shipping-taxable","11":"purchasable","12":"product-type-simple"},"jetpack_sharing_enabled":true,"_links":{"self":[{"href":"https:\/\/www.zracakoblacak.com\/sl\/wp-json\/wp\/v2\/product\/5481","targetHints":{"allow":["GET"]}}],"collection":[{"href":"https:\/\/www.zracakoblacak.com\/sl\/wp-json\/wp\/v2\/product"}],"about":[{"href":"https:\/\/www.zracakoblacak.com\/sl\/wp-json\/wp\/v2\/types\/product"}],"replies":[{"embeddable":true,"href":"https:\/\/www.zracakoblacak.com\/sl\/wp-json\/wp\/v2\/comments?post=5481"}],"wp:featuredmedia":[{"embeddable":true,"href":"https:\/\/www.zracakoblacak.com\/sl\/wp-json\/wp\/v2\/media\/5482"}],"wp:attachment":[{"href":"https:\/\/www.zracakoblacak.com\/sl\/wp-json\/wp\/v2\/media?parent=5481"}],"wp:term":[{"taxonomy":"product_brand","embeddable":true,"href":"https:\/\/www.zracakoblacak.com\/sl\/wp-json\/wp\/v2\/product_brand?post=5481"},{"taxonomy":"product_cat","embeddable":true,"href":"https:\/\/www.zracakoblacak.com\/sl\/wp-json\/wp\/v2\/product_cat?post=5481"},{"taxonomy":"product_tag","embeddable":true,"href":"https:\/\/www.zracakoblacak.com\/sl\/wp-json\/wp\/v2\/product_tag?post=5481"}],"curies":[{"name":"wp","href":"https:\/\/api.w.org\/{rel}","templated":true}]}}