{"id":5576,"date":"2024-10-04T11:25:15","date_gmt":"2024-10-04T11:25:15","guid":{"rendered":"https:\/\/www.zracakoblacak.com\/?post_type=product&#038;p=5576"},"modified":"2024-10-04T11:25:15","modified_gmt":"2024-10-04T11:25:15","slug":"drzac-za-kinder-jaje","status":"publish","type":"product","link":"https:\/\/www.zracakoblacak.com\/sl\/shop\/toperi\/drzac-za-kinder-jaje\/","title":{"rendered":"Dr\u017ea\u010d za Kinder jaje"},"content":{"rendered":"<p>Dr\u017ea\u010d za Kinder jaja je ru\u010dno izra\u0111en, kao poklon za goste na de\u010dijem ro\u0111endanu.<\/p>\n<p>Savr\u0161en je spoj kreativnosti, pa\u017enje i ljubavi.<\/p>\n<p>Dizajniran je da dr\u017ei jedno jaje.<\/p>\n<p>*Ukoliko su vam potrebne dr\u017ea\u010di sa drugim motivom, pi\u0161ite mi na info@zracakoblacak.com<\/p>\n<p>*Na poklon\u010di\u0107 za goste se mo\u017ee dodati i neka personalizovana poruka (ne dopla\u0107uje se)<\/p>\n<p>&nbsp;<\/p>","protected":false},"excerpt":{"rendered":"<p>Dr\u017ea\u010d za Kinder jaja je ru\u010dno izra\u0111en, kao poklon za goste na de\u010dijem ro\u0111endanu.<\/p>\n<p>Savr\u0161en je spoj kreativnosti, pa\u017enje i ljubavi.<\/p>\n<p>Dizajniran je da dr\u017ei jedno jaje.<\/p>\n<p>*Kinder jaje nije uklju\u010deno u cenu<\/p>","protected":false},"featured_media":5577,"comment_status":"open","ping_status":"closed","template":"","meta":{"ngg_post_thumbnail":0},"product_brand":[],"product_cat":[107],"product_tag":[],"class_list":{"0":"post-5576","1":"product","2":"type-product","3":"status-publish","4":"has-post-thumbnail","6":"product_cat-toperi","8":"first","9":"instock","10":"shipping-taxable","11":"purchasable","12":"product-type-simple"},"jetpack_sharing_enabled":true,"_links":{"self":[{"href":"https:\/\/www.zracakoblacak.com\/sl\/wp-json\/wp\/v2\/product\/5576","targetHints":{"allow":["GET"]}}],"collection":[{"href":"https:\/\/www.zracakoblacak.com\/sl\/wp-json\/wp\/v2\/product"}],"about":[{"href":"https:\/\/www.zracakoblacak.com\/sl\/wp-json\/wp\/v2\/types\/product"}],"replies":[{"embeddable":true,"href":"https:\/\/www.zracakoblacak.com\/sl\/wp-json\/wp\/v2\/comments?post=5576"}],"wp:featuredmedia":[{"embeddable":true,"href":"https:\/\/www.zracakoblacak.com\/sl\/wp-json\/wp\/v2\/media\/5577"}],"wp:attachment":[{"href":"https:\/\/www.zracakoblacak.com\/sl\/wp-json\/wp\/v2\/media?parent=5576"}],"wp:term":[{"taxonomy":"product_brand","embeddable":true,"href":"https:\/\/www.zracakoblacak.com\/sl\/wp-json\/wp\/v2\/product_brand?post=5576"},{"taxonomy":"product_cat","embeddable":true,"href":"https:\/\/www.zracakoblacak.com\/sl\/wp-json\/wp\/v2\/product_cat?post=5576"},{"taxonomy":"product_tag","embeddable":true,"href":"https:\/\/www.zracakoblacak.com\/sl\/wp-json\/wp\/v2\/product_tag?post=5576"}],"curies":[{"name":"wp","href":"https:\/\/api.w.org\/{rel}","templated":true}]}}