{"id":5604,"date":"2024-10-04T19:06:57","date_gmt":"2024-10-04T19:06:57","guid":{"rendered":"https:\/\/www.zracakoblacak.com\/?post_type=product&#038;p=5604"},"modified":"2024-10-04T19:06:57","modified_gmt":"2024-10-04T19:06:57","slug":"jesenje-vilice","status":"publish","type":"product","link":"https:\/\/www.zracakoblacak.com\/sl\/shop\/nalepnice\/jesenje-vilice\/","title":{"rendered":"JESENJE VILICE"},"content":{"rendered":"<p>Nalepnice \u201cJESENJE VILICE\u201d<\/p>\n<p>*Set sadr\u017ei dva lista sa nalepnicama i 6 ukrasnih papiri\u0107a<\/p>\n<p>*Dimenzije lista sa nalenicama: 12x16cm<\/p>\n<p>*Ako su vam potrebni stikeri sa drugim motivima, pi\u0161ite na info@zracakoblacak.com<\/p>\n<p>*Na koverti se mo\u017ee dodati poruka ili slika po \u017eelji<\/p>\n<p>*Nalepnice mogu biti ura\u0111ene i kao pojedina\u010dne ili u ve\u0107oj dimenziji (do formata a4)<\/p>","protected":false},"excerpt":{"rendered":"<p>Nalepnice \u201cJESENJE VILICE\u201d *Set sadr\u017ei dva lista sa nalepnicama i 6 ukrasnih papiri\u0107a *Dimenzije lista sa nalenicama: 12x16cm *Ako su vam potrebni stikeri sa drugim motivima, pi\u0161ite na info@zracakoblacak.com *Na koverti se mo\u017ee dodati poruka ili slika po \u017eelji *Nalepnice mogu biti ura\u0111ene i kao pojedina\u010dne ili u ve\u0107oj dimenziji (do formata a4)<\/p>","protected":false},"featured_media":5605,"comment_status":"open","ping_status":"closed","template":"","meta":{"ngg_post_thumbnail":0},"product_brand":[],"product_cat":[102],"product_tag":[],"class_list":{"0":"post-5604","1":"product","2":"type-product","3":"status-publish","4":"has-post-thumbnail","6":"product_cat-nalepnice","8":"first","9":"instock","10":"shipping-taxable","11":"purchasable","12":"product-type-simple"},"jetpack_sharing_enabled":true,"_links":{"self":[{"href":"https:\/\/www.zracakoblacak.com\/sl\/wp-json\/wp\/v2\/product\/5604","targetHints":{"allow":["GET"]}}],"collection":[{"href":"https:\/\/www.zracakoblacak.com\/sl\/wp-json\/wp\/v2\/product"}],"about":[{"href":"https:\/\/www.zracakoblacak.com\/sl\/wp-json\/wp\/v2\/types\/product"}],"replies":[{"embeddable":true,"href":"https:\/\/www.zracakoblacak.com\/sl\/wp-json\/wp\/v2\/comments?post=5604"}],"wp:featuredmedia":[{"embeddable":true,"href":"https:\/\/www.zracakoblacak.com\/sl\/wp-json\/wp\/v2\/media\/5605"}],"wp:attachment":[{"href":"https:\/\/www.zracakoblacak.com\/sl\/wp-json\/wp\/v2\/media?parent=5604"}],"wp:term":[{"taxonomy":"product_brand","embeddable":true,"href":"https:\/\/www.zracakoblacak.com\/sl\/wp-json\/wp\/v2\/product_brand?post=5604"},{"taxonomy":"product_cat","embeddable":true,"href":"https:\/\/www.zracakoblacak.com\/sl\/wp-json\/wp\/v2\/product_cat?post=5604"},{"taxonomy":"product_tag","embeddable":true,"href":"https:\/\/www.zracakoblacak.com\/sl\/wp-json\/wp\/v2\/product_tag?post=5604"}],"curies":[{"name":"wp","href":"https:\/\/api.w.org\/{rel}","templated":true}]}}