{"id":5639,"date":"2024-10-23T10:53:03","date_gmt":"2024-10-23T10:53:03","guid":{"rendered":"https:\/\/www.zracakoblacak.com\/?post_type=product&#038;p=5639"},"modified":"2024-10-23T10:53:03","modified_gmt":"2024-10-23T10:53:03","slug":"pozivnica-kruna","status":"publish","type":"product","link":"https:\/\/www.zracakoblacak.com\/sl\/shop\/toperi\/pozivnica-kruna\/","title":{"rendered":"Pozivnica &#8222;Kruna&#8220;"},"content":{"rendered":"<p>Unikatne, ru\u010dno ra\u0111ene pozivnice, su savr\u0161en na\u010din da svojim gostima uputite personalizovan poziv za va\u0161 poseban dan.<\/p>\n<p>Svaka pozivnica je ra\u0111ena pa\u017eljivo, s ljubavlju i kreativno\u0161\u0107u.<\/p>\n<p>Idealne su za de\u010dije zabave, ali mogu biti kreirane i za potrebe odraslih, koji \u017eele da dodaju \u0161arm ru\u010dnog rada u svoje slavlje.<\/p>\n<p>Iznenadite svoje prijatelje i porodicu i u\u010dinite da se ose\u0107aju posebno.<\/p>\n<p>*Ukoliko su vam potrebne pozivnice sa drugim motivom, pi\u0161ite mi na info@zracakoblacak.com<\/p>\n<p>*Tekst mo\u017ee biti \u0161tampan na pozivnicama (ne dopla\u0107uje se)<\/p>","protected":false},"excerpt":{"rendered":"<p>Unikatne, ru\u010dno ra\u0111ene pozivnice, su savr\u0161en na\u010din da svojim gostima uputite personalizovan poziv za va\u0161 poseban dan.<\/p>\n<p>Svaka pozivnica je ra\u0111ena pa\u017eljivo, s ljubavlju i kreativno\u0161\u0107u.<\/p>","protected":false},"featured_media":5640,"comment_status":"open","ping_status":"closed","template":"","meta":{"ngg_post_thumbnail":0},"product_brand":[],"product_cat":[107],"product_tag":[],"class_list":{"0":"post-5639","1":"product","2":"type-product","3":"status-publish","4":"has-post-thumbnail","6":"product_cat-toperi","8":"first","9":"instock","10":"shipping-taxable","11":"purchasable","12":"product-type-simple"},"jetpack_sharing_enabled":true,"_links":{"self":[{"href":"https:\/\/www.zracakoblacak.com\/sl\/wp-json\/wp\/v2\/product\/5639","targetHints":{"allow":["GET"]}}],"collection":[{"href":"https:\/\/www.zracakoblacak.com\/sl\/wp-json\/wp\/v2\/product"}],"about":[{"href":"https:\/\/www.zracakoblacak.com\/sl\/wp-json\/wp\/v2\/types\/product"}],"replies":[{"embeddable":true,"href":"https:\/\/www.zracakoblacak.com\/sl\/wp-json\/wp\/v2\/comments?post=5639"}],"wp:featuredmedia":[{"embeddable":true,"href":"https:\/\/www.zracakoblacak.com\/sl\/wp-json\/wp\/v2\/media\/5640"}],"wp:attachment":[{"href":"https:\/\/www.zracakoblacak.com\/sl\/wp-json\/wp\/v2\/media?parent=5639"}],"wp:term":[{"taxonomy":"product_brand","embeddable":true,"href":"https:\/\/www.zracakoblacak.com\/sl\/wp-json\/wp\/v2\/product_brand?post=5639"},{"taxonomy":"product_cat","embeddable":true,"href":"https:\/\/www.zracakoblacak.com\/sl\/wp-json\/wp\/v2\/product_cat?post=5639"},{"taxonomy":"product_tag","embeddable":true,"href":"https:\/\/www.zracakoblacak.com\/sl\/wp-json\/wp\/v2\/product_tag?post=5639"}],"curies":[{"name":"wp","href":"https:\/\/api.w.org\/{rel}","templated":true}]}}